{"id":2267,"date":"2024-05-14T21:07:37","date_gmt":"2024-05-14T18:07:37","guid":{"rendered":"https:\/\/dgschool.lv\/%d0%bd%d0%be%d0%b2%d0%be%d1%81%d1%82%d0%b8\/"},"modified":"2024-11-01T10:43:24","modified_gmt":"2024-11-01T08:43:24","slug":"%d0%bd%d0%be%d0%b2%d0%be%d1%81%d1%82%d0%b8","status":"publish","type":"page","link":"https:\/\/dgschool.lv\/ru\/%d0%bd%d0%be%d0%b2%d0%be%d1%81%d1%82%d0%b8\/","title":{"rendered":"\u041d\u043e\u0432\u043e\u0441\u0442\u0438"},"content":{"rendered":"\t\t<div data-elementor-type=\"wp-page\" data-elementor-id=\"2267\" class=\"elementor elementor-2267 elementor-1816\">\n\t\t\t\t\t\t<section class=\"elementor-section elementor-top-section elementor-element elementor-element-671db2d elementor-section-boxed elementor-section-height-default elementor-section-height-default\" data-id=\"671db2d\" data-element_type=\"section\" data-e-type=\"section\" data-settings=\"{&quot;background_background&quot;:&quot;classic&quot;}\">\n\t\t\t\t\t\t\t<div class=\"elementor-background-overlay\"><\/div>\n\t\t\t\t\t\t\t<div class=\"elementor-container elementor-column-gap-default\">\n\t\t\t\t\t<div class=\"elementor-column elementor-col-100 elementor-top-column elementor-element elementor-element-e7a0f04\" data-id=\"e7a0f04\" data-element_type=\"column\" data-e-type=\"column\">\n\t\t\t<div class=\"elementor-widget-wrap elementor-element-populated\">\n\t\t\t\t\t\t<div class=\"elementor-element elementor-element-c7045c8 elementor-widget elementor-widget-heading\" data-id=\"c7045c8\" data-element_type=\"widget\" data-e-type=\"widget\" data-widget_type=\"heading.default\">\n\t\t\t\t<div class=\"elementor-widget-container\">\n\t\t\t\t\t<h1 class=\"elementor-heading-title elementor-size-default\">\u041d\u043e\u0432\u043e\u0441\u0442\u0438<\/h1>\t\t\t\t<\/div>\n\t\t\t\t<\/div>\n\t\t\t\t<div class=\"elementor-element elementor-element-9e0e237 breadcrumbs-style elementor-widget elementor-widget-text-editor\" data-id=\"9e0e237\" data-element_type=\"widget\" data-e-type=\"widget\" data-widget_type=\"text-editor.default\">\n\t\t\t\t<div class=\"elementor-widget-container\">\n\t\t\t\t\t\t\t\t\t<p><a href=\"https:\/\/dgschool.lv\/ru\/\">\u0413\u043b\u0430\u0432\u043d\u0430\u044f \u0441\u0442\u0440\u0430\u043d\u0438\u0446\u0430<\/a> | <span style=\"text-decoration: underline;\">\u041d\u043e\u0432\u043e\u0441\u0442\u0438<\/span><\/p>\n\t\t\t\t\t\t\t\t<\/div>\n\t\t\t\t<\/div>\n\t\t\t\t\t<\/div>\n\t\t<\/div>\n\t\t\t\t\t<\/div>\n\t\t<\/section>\n\t\t\t\t<section class=\"elementor-section elementor-top-section elementor-element elementor-element-8f2e2e2 elementor-section-boxed elementor-section-height-default elementor-section-height-default\" data-id=\"8f2e2e2\" data-element_type=\"section\" data-e-type=\"section\">\n\t\t\t\t\t\t<div class=\"elementor-container elementor-column-gap-default\">\n\t\t\t\t\t<div class=\"elementor-column elementor-col-100 elementor-top-column elementor-element elementor-element-b65cfa7\" data-id=\"b65cfa7\" data-element_type=\"column\" data-e-type=\"column\">\n\t\t\t<div class=\"elementor-widget-wrap elementor-element-populated\">\n\t\t\t\t\t\t<div class=\"elementor-element elementor-element-3ef10ad elementor-widget elementor-widget-post_grid\" data-id=\"3ef10ad\" data-element_type=\"widget\" data-e-type=\"widget\" data-widget_type=\"post_grid.default\">\n\t\t\t\t<div class=\"elementor-widget-container\">\n\t\t\t\t\t<div class=\"ry-elementor-post-grid\" style=\"display: flex; flex-wrap: wrap;\"><div class=\"ry-elementor-post-item\"><div class=\"ry-elementor-post-inner\" style=\"position: relative;\"><a  href=\"https:\/\/dgschool.lv\/ru\/nvidia-ace-for-games-%d0%bd%d0%be%d0%b2%d0%b0%d1%8f-%d1%82%d0%b5%d1%85%d0%bd%d0%be%d0%bb%d0%be%d0%b3%d0%b8%d1%8f-%d0%bf%d0%be%d0%b7%d0%b2%d0%be%d0%bb%d1%8f%d1%8e%d1%89%d0%b0%d1%8f-%d0%b2%d0%b4\/\"><div class=\"ry-elementor-post-thumbnail\" style=\"margin-bottom:10px;\"><img fetchpriority=\"high\" decoding=\"async\" width=\"1920\" height=\"1080\" src=\"https:\/\/dgschool.lv\/wp-content\/uploads\/2024\/08\/feature.jpg\" class=\"attachment-full size-full wp-post-image\" alt=\"\" srcset=\"https:\/\/dgschool.lv\/wp-content\/uploads\/2024\/08\/feature.jpg 1920w, https:\/\/dgschool.lv\/wp-content\/uploads\/2024\/08\/feature-300x169.jpg 300w, https:\/\/dgschool.lv\/wp-content\/uploads\/2024\/08\/feature-1024x576.jpg 1024w, https:\/\/dgschool.lv\/wp-content\/uploads\/2024\/08\/feature-768x432.jpg 768w, https:\/\/dgschool.lv\/wp-content\/uploads\/2024\/08\/feature-1536x864.jpg 1536w, https:\/\/dgschool.lv\/wp-content\/uploads\/2024\/08\/feature-1000x563.jpg 1000w, https:\/\/dgschool.lv\/wp-content\/uploads\/2024\/08\/feature-230x129.jpg 230w, https:\/\/dgschool.lv\/wp-content\/uploads\/2024\/08\/feature-350x197.jpg 350w, https:\/\/dgschool.lv\/wp-content\/uploads\/2024\/08\/feature-480x270.jpg 480w, https:\/\/dgschool.lv\/wp-content\/uploads\/2024\/08\/feature-800x450.jpg 800w\" sizes=\"(max-width: 1920px) 100vw, 1920px\" \/><\/div><\/a><div class=\"ry-elementor-post-meta\" style=\"display: flex;\"><div class=\"ry-elementor-post-date\" style=\"position: absolute; top: 10px; margin: 0 10px;\">31 \u0410\u0432\u0433.<\/div><\/div><\/div><a class=\"ry-elementor-post-title\" href=\"https:\/\/dgschool.lv\/ru\/nvidia-ace-for-games-%d0%bd%d0%be%d0%b2%d0%b0%d1%8f-%d1%82%d0%b5%d1%85%d0%bd%d0%be%d0%bb%d0%be%d0%b3%d0%b8%d1%8f-%d0%bf%d0%be%d0%b7%d0%b2%d0%be%d0%bb%d1%8f%d1%8e%d1%89%d0%b0%d1%8f-%d0%b2%d0%b4\/\">NVIDIA ACE For Games &#8212; \u043d\u043e\u0432\u0430\u044f \u0442\u0435\u0445\u043d\u043e\u043b\u043e\u0433\u0438\u044f, \u043f\u043e\u0437\u0432\u043e\u043b\u044f\u044e\u0449\u0430\u044f \u0432\u0434\u043e\u0445\u043d\u0443\u0442\u044c \u0436\u0438\u0437\u043d\u044c \u0432 \u043f\u0435\u0440\u0441\u043e\u043d\u0430\u0436\u0435\u0439 NPC \u0441 \u043f\u043e\u043c\u043e\u0449\u044c\u044e \u0433\u0435\u043d\u0435\u0440\u0430\u0442\u0438\u0432\u043d\u043e\u0433\u043e \u0418\u0418<\/a><div class=\"ry-elementor-post-excerpt\">\u041f\u0440\u0435\u0434\u0441\u0442\u0430\u0432\u044c\u0442\u0435 \u0441\u0435\u0431\u0435 \u0438\u0433\u0440\u0443, \u0432 \u043a\u043e\u0442\u043e\u0440\u043e\u0439 \u0412\u044b \u043c\u043e\u0433\u043b\u0438 \u0431\u044b \u0432\u0435\u0441\u0442\u0438 \u0438\u043d\u0442\u0435\u043b\u043b\u0435\u043a\u0442\u0443\u0430\u043b\u044c\u043d\u044b\u0435, \u043d\u0435\u043f\u0440\u0435\u0434\u0441\u043a\u0430\u0437\u0443\u0435\u043c\u044b\u0435 \u0438 \u0434\u0438\u043d\u0430\u043c\u0438\u0447\u043d\u044b\u0435...<\/div><\/div><div class=\"ry-elementor-post-item\"><div class=\"ry-elementor-post-inner\" style=\"position: relative;\"><a  href=\"https:\/\/dgschool.lv\/ru\/%d0%ba%d0%b0%d0%ba-%d0%b2%d1%8b%d0%b1%d1%80%d0%b0%d1%82%d1%8c-%d0%bf%d1%80%d0%b0%d0%b2%d0%b8%d0%bb%d1%8c%d0%bd%d1%8b%d0%b5-%d0%be%d1%87%d0%ba%d0%b8-%d0%b2%d0%b8%d1%80%d1%82%d1%83%d0%b0%d0%bb%d1%8c\/\"><div class=\"ry-elementor-post-thumbnail\" style=\"margin-bottom:10px;\"><img decoding=\"async\" width=\"1920\" height=\"915\" src=\"https:\/\/dgschool.lv\/wp-content\/uploads\/2024\/07\/feature2.jpg\" class=\"attachment-full size-full wp-post-image\" alt=\"\" srcset=\"https:\/\/dgschool.lv\/wp-content\/uploads\/2024\/07\/feature2.jpg 1920w, https:\/\/dgschool.lv\/wp-content\/uploads\/2024\/07\/feature2-300x143.jpg 300w, https:\/\/dgschool.lv\/wp-content\/uploads\/2024\/07\/feature2-1024x488.jpg 1024w, https:\/\/dgschool.lv\/wp-content\/uploads\/2024\/07\/feature2-768x366.jpg 768w, https:\/\/dgschool.lv\/wp-content\/uploads\/2024\/07\/feature2-1536x732.jpg 1536w, https:\/\/dgschool.lv\/wp-content\/uploads\/2024\/07\/feature2-1000x477.jpg 1000w, https:\/\/dgschool.lv\/wp-content\/uploads\/2024\/07\/feature2-230x110.jpg 230w, https:\/\/dgschool.lv\/wp-content\/uploads\/2024\/07\/feature2-350x167.jpg 350w, https:\/\/dgschool.lv\/wp-content\/uploads\/2024\/07\/feature2-480x229.jpg 480w, https:\/\/dgschool.lv\/wp-content\/uploads\/2024\/07\/feature2-800x381.jpg 800w\" sizes=\"(max-width: 1920px) 100vw, 1920px\" \/><\/div><\/a><div class=\"ry-elementor-post-meta\" style=\"display: flex;\"><div class=\"ry-elementor-post-date\" style=\"position: absolute; top: 10px; margin: 0 10px;\">10 \u0418\u044e\u043b.<\/div><\/div><\/div><a class=\"ry-elementor-post-title\" href=\"https:\/\/dgschool.lv\/ru\/%d0%ba%d0%b0%d0%ba-%d0%b2%d1%8b%d0%b1%d1%80%d0%b0%d1%82%d1%8c-%d0%bf%d1%80%d0%b0%d0%b2%d0%b8%d0%bb%d1%8c%d0%bd%d1%8b%d0%b5-%d0%be%d1%87%d0%ba%d0%b8-%d0%b2%d0%b8%d1%80%d1%82%d1%83%d0%b0%d0%bb%d1%8c\/\">\u041a\u0430\u043a \u0432\u044b\u0431\u0440\u0430\u0442\u044c \u043f\u0440\u0430\u0432\u0438\u043b\u044c\u043d\u044b\u0435 \u043e\u0447\u043a\u0438 \u0432\u0438\u0440\u0442\u0443\u0430\u043b\u044c\u043d\u043e\u0439 \u0440\u0435\u0430\u043b\u044c\u043d\u043e\u0441\u0442\u0438<\/a><div class=\"ry-elementor-post-excerpt\">\u0412\u0438\u0440\u0442\u0443\u0430\u043b\u044c\u043d\u0430\u044f \u0440\u0435\u0430\u043b\u044c\u043d\u043e\u0441\u0442\u044c &#171;\u043d\u0435 \u0437\u0430 \u0433\u043e\u0440\u0430\u043c\u0438&#187; \u0443\u0436\u0435 \u0431\u043e\u043b\u0435\u0435 10 \u043b\u0435\u0442, \u0438 \u043c\u043d\u043e\u0433\u0438\u0435 \u0442\u0435\u0445\u043d\u043e\u043b\u043e\u0433\u0438\u0447\u0435\u0441\u043a\u0438\u0435 \u043a\u043e\u043c\u043f\u0430\u043d\u0438\u0438...<\/div><\/div><div class=\"ry-elementor-post-item\"><div class=\"ry-elementor-post-inner\" style=\"position: relative;\"><a  href=\"https:\/\/dgschool.lv\/ru\/%d0%bf%d0%b5%d1%80%d0%b2%d1%8b%d0%b5-%d0%b2%d0%bf%d0%b5%d1%87%d0%b0%d1%82%d0%bb%d0%b5%d0%bd%d0%b8%d1%8f-%d0%be-%d1%88%d0%ba%d0%be%d0%bb%d1%8c%d0%bd%d0%be%d0%bc-%d0%bb%d0%b0%d0%b3%d0%b5%d1%80%d0%b5-dat\/\"><div class=\"ry-elementor-post-thumbnail\" style=\"margin-bottom:10px;\"><img decoding=\"async\" width=\"2048\" height=\"1365\" src=\"https:\/\/dgschool.lv\/wp-content\/uploads\/2024\/06\/BJ8A2868.jpg\" class=\"attachment-full size-full wp-post-image\" alt=\"\" srcset=\"https:\/\/dgschool.lv\/wp-content\/uploads\/2024\/06\/BJ8A2868.jpg 2048w, https:\/\/dgschool.lv\/wp-content\/uploads\/2024\/06\/BJ8A2868-300x200.jpg 300w, https:\/\/dgschool.lv\/wp-content\/uploads\/2024\/06\/BJ8A2868-1024x683.jpg 1024w, https:\/\/dgschool.lv\/wp-content\/uploads\/2024\/06\/BJ8A2868-768x512.jpg 768w, https:\/\/dgschool.lv\/wp-content\/uploads\/2024\/06\/BJ8A2868-1536x1024.jpg 1536w, https:\/\/dgschool.lv\/wp-content\/uploads\/2024\/06\/BJ8A2868-1000x667.jpg 1000w, https:\/\/dgschool.lv\/wp-content\/uploads\/2024\/06\/BJ8A2868-230x153.jpg 230w, https:\/\/dgschool.lv\/wp-content\/uploads\/2024\/06\/BJ8A2868-350x233.jpg 350w, https:\/\/dgschool.lv\/wp-content\/uploads\/2024\/06\/BJ8A2868-480x320.jpg 480w, https:\/\/dgschool.lv\/wp-content\/uploads\/2024\/06\/BJ8A2868-800x533.jpg 800w\" sizes=\"(max-width: 2048px) 100vw, 2048px\" \/><\/div><\/a><div class=\"ry-elementor-post-meta\" style=\"display: flex;\"><div class=\"ry-elementor-post-date\" style=\"position: absolute; top: 10px; margin: 0 10px;\">20 \u0418\u044e\u043d.<\/div><\/div><\/div><a class=\"ry-elementor-post-title\" href=\"https:\/\/dgschool.lv\/ru\/%d0%bf%d0%b5%d1%80%d0%b2%d1%8b%d0%b5-%d0%b2%d0%bf%d0%b5%d1%87%d0%b0%d1%82%d0%bb%d0%b5%d0%bd%d0%b8%d1%8f-%d0%be-%d1%88%d0%ba%d0%be%d0%bb%d1%8c%d0%bd%d0%be%d0%bc-%d0%bb%d0%b0%d0%b3%d0%b5%d1%80%d0%b5-dat\/\">\u041f\u0435\u0440\u0432\u044b\u0435 \u0432\u043f\u0435\u0447\u0430\u0442\u043b\u0435\u043d\u0438\u044f \u043e \u0448\u043a\u043e\u043b\u044c\u043d\u043e\u043c \u043b\u0430\u0433\u0435\u0440\u0435 Dateks Gaming<\/a><div class=\"ry-elementor-post-excerpt\">\u0412 \u043c\u0430\u0435 \u044d\u0442\u043e\u0433\u043e \u0433\u043e\u0434\u0430 \u044f \u0443\u0437\u043d\u0430\u043b\u0430 \u043e \u043f\u0440\u0435\u0434\u0441\u0442\u043e\u044f\u0449\u0435\u043c \u0434\u0435\u0442\u0441\u043a\u043e\u043c \u043b\u0430\u0433\u0435\u0440\u0435 Dateks Gaming School...<\/div><\/div><div class=\"ry-elementor-post-item\"><div class=\"ry-elementor-post-inner\" style=\"position: relative;\"><a  href=\"https:\/\/dgschool.lv\/ru\/%d1%87%d1%82%d0%be-%d1%82%d0%b0%d0%ba%d0%be%d0%b5-%d0%b2%d0%b8%d1%80%d1%82%d1%83%d0%b0%d0%bb%d1%8c%d0%bd%d0%b0%d1%8f-%d1%80%d0%b5%d0%b0%d0%bb%d1%8c%d0%bd%d0%be%d1%81%d1%82%d1%8c\/\"><div class=\"ry-elementor-post-thumbnail\" style=\"margin-bottom:10px;\"><img loading=\"lazy\" decoding=\"async\" width=\"1200\" height=\"800\" src=\"https:\/\/dgschool.lv\/wp-content\/uploads\/2024\/05\/6.jpg\" class=\"attachment-full size-full wp-post-image\" alt=\"\" srcset=\"https:\/\/dgschool.lv\/wp-content\/uploads\/2024\/05\/6.jpg 1200w, https:\/\/dgschool.lv\/wp-content\/uploads\/2024\/05\/6-300x200.jpg 300w, https:\/\/dgschool.lv\/wp-content\/uploads\/2024\/05\/6-1024x683.jpg 1024w, https:\/\/dgschool.lv\/wp-content\/uploads\/2024\/05\/6-768x512.jpg 768w, https:\/\/dgschool.lv\/wp-content\/uploads\/2024\/05\/6-1000x667.jpg 1000w, https:\/\/dgschool.lv\/wp-content\/uploads\/2024\/05\/6-230x153.jpg 230w, https:\/\/dgschool.lv\/wp-content\/uploads\/2024\/05\/6-350x233.jpg 350w, https:\/\/dgschool.lv\/wp-content\/uploads\/2024\/05\/6-480x320.jpg 480w, https:\/\/dgschool.lv\/wp-content\/uploads\/2024\/05\/6-800x533.jpg 800w\" sizes=\"(max-width: 1200px) 100vw, 1200px\" \/><\/div><\/a><div class=\"ry-elementor-post-meta\" style=\"display: flex;\"><div class=\"ry-elementor-post-date\" style=\"position: absolute; top: 10px; margin: 0 10px;\">16 \u041c\u0430\u0439.<\/div><\/div><\/div><a class=\"ry-elementor-post-title\" href=\"https:\/\/dgschool.lv\/ru\/%d1%87%d1%82%d0%be-%d1%82%d0%b0%d0%ba%d0%be%d0%b5-%d0%b2%d0%b8%d1%80%d1%82%d1%83%d0%b0%d0%bb%d1%8c%d0%bd%d0%b0%d1%8f-%d1%80%d0%b5%d0%b0%d0%bb%d1%8c%d0%bd%d0%be%d1%81%d1%82%d1%8c\/\">\u0427\u0442\u043e \u0442\u0430\u043a\u043e\u0435 \u0432\u0438\u0440\u0442\u0443\u0430\u043b\u044c\u043d\u0430\u044f \u0440\u0435\u0430\u043b\u044c\u043d\u043e\u0441\u0442\u044c?<\/a><div class=\"ry-elementor-post-excerpt\">\u0427\u0442\u043e \u0442\u0430\u043a\u043e\u0435 \u0432\u0438\u0440\u0442\u0443\u0430\u043b\u044c\u043d\u0430\u044f \u0440\u0435\u0430\u043b\u044c\u043d\u043e\u0441\u0442\u044c (VR) \u0438 \u0434\u0435\u0439\u0441\u0442\u0432\u0438\u0442\u0435\u043b\u044c\u043d\u043e \u043b\u0438 \u043e\u043d\u0430 \u043c\u043e\u0436\u0435\u0442 \u043f\u043e\u043c\u043e\u0447\u044c \u0434\u0435\u0442\u044f\u043c \u0443\u0447\u0438\u0442\u044c\u0441\u044f?...<\/div><\/div><div class=\"ry-elementor-post-item\"><div class=\"ry-elementor-post-inner\" style=\"position: relative;\"><a  href=\"https:\/\/dgschool.lv\/ru\/%d0%b8%d1%81%d0%bf%d0%be%d0%bb%d1%8c%d0%b7%d0%be%d0%b2%d0%b0%d0%bd%d0%b8%d0%b5-vr-%d0%b2-stem-%d0%be%d0%b1%d1%80%d0%b0%d0%b7%d0%be%d0%b2%d0%b0%d0%bd%d0%b8%d0%b8\/\"><div class=\"ry-elementor-post-thumbnail\" style=\"margin-bottom:10px;\"><img loading=\"lazy\" decoding=\"async\" width=\"1920\" height=\"1280\" src=\"https:\/\/dgschool.lv\/wp-content\/uploads\/2024\/05\/VR-stem1.jpg\" class=\"attachment-full size-full wp-post-image\" alt=\"\" srcset=\"https:\/\/dgschool.lv\/wp-content\/uploads\/2024\/05\/VR-stem1.jpg 1920w, https:\/\/dgschool.lv\/wp-content\/uploads\/2024\/05\/VR-stem1-300x200.jpg 300w, https:\/\/dgschool.lv\/wp-content\/uploads\/2024\/05\/VR-stem1-1024x683.jpg 1024w, https:\/\/dgschool.lv\/wp-content\/uploads\/2024\/05\/VR-stem1-768x512.jpg 768w, https:\/\/dgschool.lv\/wp-content\/uploads\/2024\/05\/VR-stem1-1536x1024.jpg 1536w, https:\/\/dgschool.lv\/wp-content\/uploads\/2024\/05\/VR-stem1-1000x667.jpg 1000w, https:\/\/dgschool.lv\/wp-content\/uploads\/2024\/05\/VR-stem1-230x153.jpg 230w, https:\/\/dgschool.lv\/wp-content\/uploads\/2024\/05\/VR-stem1-350x233.jpg 350w, https:\/\/dgschool.lv\/wp-content\/uploads\/2024\/05\/VR-stem1-480x320.jpg 480w, https:\/\/dgschool.lv\/wp-content\/uploads\/2024\/05\/VR-stem1-800x533.jpg 800w\" sizes=\"(max-width: 1920px) 100vw, 1920px\" \/><\/div><\/a><div class=\"ry-elementor-post-meta\" style=\"display: flex;\"><div class=\"ry-elementor-post-date\" style=\"position: absolute; top: 10px; margin: 0 10px;\">16 \u041c\u0430\u0439.<\/div><\/div><\/div><a class=\"ry-elementor-post-title\" href=\"https:\/\/dgschool.lv\/ru\/%d0%b8%d1%81%d0%bf%d0%be%d0%bb%d1%8c%d0%b7%d0%be%d0%b2%d0%b0%d0%bd%d0%b8%d0%b5-vr-%d0%b2-stem-%d0%be%d0%b1%d1%80%d0%b0%d0%b7%d0%be%d0%b2%d0%b0%d0%bd%d0%b8%d0%b8\/\">\u0418\u0441\u043f\u043e\u043b\u044c\u0437\u043e\u0432\u0430\u043d\u0438\u0435 VR \u0432 STEM \u043e\u0431\u0440\u0430\u0437\u043e\u0432\u0430\u043d\u0438\u0438<\/a><div class=\"ry-elementor-post-excerpt\">STEM (Science, Technology, Engineering and Mathematics &#8212; \u041d\u0430\u0443\u043a\u0430, \u0442\u0435\u0445\u043d\u043e\u043b\u043e\u0433\u0438\u044f, \u0438\u043d\u0436\u0435\u043d\u0435\u0440\u0438\u044f \u0438 \u043c\u0430\u0442\u0435\u043c\u0430\u0442\u0438\u043a\u0430) &#8212;...<\/div><\/div><div class=\"ry-elementor-post-item\"><div class=\"ry-elementor-post-inner\" style=\"position: relative;\"><a  href=\"https:\/\/dgschool.lv\/ru\/%d0%b3%d0%b5%d0%bd%d0%b5%d1%80%d0%b0%d0%bb%d1%8c%d0%bd%d1%8b%d0%b9-%d0%b4%d0%b8%d1%80%d0%b5%d0%ba%d1%82%d0%be%d1%80-nvidia-%d1%81%d1%87%d0%b8%d1%82%d0%b0%d0%b5%d1%82-%d1%87%d1%82%d0%be-%d0%b4%d0%b5\/\"><div class=\"ry-elementor-post-thumbnail\" style=\"margin-bottom:10px;\"><img loading=\"lazy\" decoding=\"async\" width=\"1200\" height=\"675\" src=\"https:\/\/dgschool.lv\/wp-content\/uploads\/2024\/05\/huang.jpg\" class=\"attachment-full size-full wp-post-image\" alt=\"\" srcset=\"https:\/\/dgschool.lv\/wp-content\/uploads\/2024\/05\/huang.jpg 1200w, https:\/\/dgschool.lv\/wp-content\/uploads\/2024\/05\/huang-300x169.jpg 300w, https:\/\/dgschool.lv\/wp-content\/uploads\/2024\/05\/huang-1024x576.jpg 1024w, https:\/\/dgschool.lv\/wp-content\/uploads\/2024\/05\/huang-768x432.jpg 768w, https:\/\/dgschool.lv\/wp-content\/uploads\/2024\/05\/huang-1000x563.jpg 1000w, https:\/\/dgschool.lv\/wp-content\/uploads\/2024\/05\/huang-230x129.jpg 230w, https:\/\/dgschool.lv\/wp-content\/uploads\/2024\/05\/huang-350x197.jpg 350w, https:\/\/dgschool.lv\/wp-content\/uploads\/2024\/05\/huang-480x270.jpg 480w, https:\/\/dgschool.lv\/wp-content\/uploads\/2024\/05\/huang-800x450.jpg 800w\" sizes=\"(max-width: 1200px) 100vw, 1200px\" \/><\/div><\/a><div class=\"ry-elementor-post-meta\" style=\"display: flex;\"><div class=\"ry-elementor-post-date\" style=\"position: absolute; top: 10px; margin: 0 10px;\">14 \u041c\u0430\u0439.<\/div><\/div><\/div><a class=\"ry-elementor-post-title\" href=\"https:\/\/dgschool.lv\/ru\/%d0%b3%d0%b5%d0%bd%d0%b5%d1%80%d0%b0%d0%bb%d1%8c%d0%bd%d1%8b%d0%b9-%d0%b4%d0%b8%d1%80%d0%b5%d0%ba%d1%82%d0%be%d1%80-nvidia-%d1%81%d1%87%d0%b8%d1%82%d0%b0%d0%b5%d1%82-%d1%87%d1%82%d0%be-%d0%b4%d0%b5\/\">\u0413\u0435\u043d\u0435\u0440\u0430\u043b\u044c\u043d\u044b\u0439 \u0434\u0438\u0440\u0435\u043a\u0442\u043e\u0440 Nvidia \u0441\u0447\u0438\u0442\u0430\u0435\u0442, \u0447\u0442\u043e \u0434\u0435\u0442\u0438 \u043d\u0435 \u0434\u043e\u043b\u0436\u043d\u044b \u0443\u0447\u0438\u0442\u044c\u0441\u044f \u043f\u0440\u043e\u0433\u0440\u0430\u043c\u043c\u0438\u0440\u043e\u0432\u0430\u043d\u0438\u044e. \u041f\u043e\u0447\u0435\u043c\u0443?<\/a><div class=\"ry-elementor-post-excerpt\">\u0413\u0435\u043d\u0435\u0440\u0430\u043b\u044c\u043d\u044b\u0439 \u0434\u0438\u0440\u0435\u043a\u0442\u043e\u0440 Nvidia \u0414\u0436\u0435\u043d\u0441\u0435\u043d \u0425\u0443\u0430\u043d\u0433. \u0418\u0441\u0442\u043e\u0447\u043d\u0438\u043a: Nvidia \u041e\u0441\u043d\u043e\u0432\u0430\u0442\u0435\u043b\u044c \u043a\u043e\u043c\u043f\u0430\u043d\u0438\u0438 Nvidia \u0414\u0436\u0435\u043d\u0441\u0435\u043d \u0425\u0443\u0430\u043d\u0433 \u043f\u0440\u0435\u0434\u0441\u043a\u0430\u0437\u044b\u0432\u0430\u0435\u0442...<\/div><\/div><\/div><div class=\"ry-elementor-pagination\"><\/div>\t\t\t\t<\/div>\n\t\t\t\t<\/div>\n\t\t\t\t\t<\/div>\n\t\t<\/div>\n\t\t\t\t\t<\/div>\n\t\t<\/section>\n\t\t\t\t<\/div>\n\t\t","protected":false},"excerpt":{"rendered":"<p>\u041d\u043e\u0432\u043e\u0441\u0442\u0438 \u0413\u043b\u0430\u0432\u043d\u0430\u044f \u0441\u0442\u0440\u0430\u043d\u0438\u0446\u0430 | \u041d\u043e\u0432\u043e\u0441\u0442\u0438 31 Aug.NVIDIA ACE For Games \u2013 jauna tehnolo\u0123ija, kas iedves\u012bs NPC t\u0113liem dz\u012bv\u012bbu ar \u0123enerat\u012bv\u0101 m\u0101ksl\u012bg\u0101 intelekta pal\u012bdz\u012bbuIedom\u0101jieties sp\u0113li, kur\u0101 [&hellip;]<\/p>\n","protected":false},"author":25,"featured_media":0,"parent":0,"menu_order":0,"comment_status":"closed","ping_status":"closed","template":"page-templates\/page_front-page.php","meta":{"footnotes":""},"class_list":["post-2267","page","type-page","status-publish","hentry"],"_links":{"self":[{"href":"https:\/\/dgschool.lv\/ru\/wp-json\/wp\/v2\/pages\/2267","targetHints":{"allow":["GET"]}}],"collection":[{"href":"https:\/\/dgschool.lv\/ru\/wp-json\/wp\/v2\/pages"}],"about":[{"href":"https:\/\/dgschool.lv\/ru\/wp-json\/wp\/v2\/types\/page"}],"author":[{"embeddable":true,"href":"https:\/\/dgschool.lv\/ru\/wp-json\/wp\/v2\/users\/25"}],"replies":[{"embeddable":true,"href":"https:\/\/dgschool.lv\/ru\/wp-json\/wp\/v2\/comments?post=2267"}],"version-history":[{"count":14,"href":"https:\/\/dgschool.lv\/ru\/wp-json\/wp\/v2\/pages\/2267\/revisions"}],"predecessor-version":[{"id":3272,"href":"https:\/\/dgschool.lv\/ru\/wp-json\/wp\/v2\/pages\/2267\/revisions\/3272"}],"wp:attachment":[{"href":"https:\/\/dgschool.lv\/ru\/wp-json\/wp\/v2\/media?parent=2267"}],"curies":[{"name":"wp","href":"https:\/\/api.w.org\/{rel}","templated":true}]}}