{"id":4630,"date":"2025-04-03T10:55:41","date_gmt":"2025-04-03T07:55:41","guid":{"rendered":"https:\/\/dgschool.lv\/camps\/"},"modified":"2026-05-04T14:08:37","modified_gmt":"2026-05-04T11:08:37","slug":"camps","status":"publish","type":"page","link":"https:\/\/dgschool.lv\/en\/camps\/","title":{"rendered":"Camps"},"content":{"rendered":"\t\t<div data-elementor-type=\"wp-page\" data-elementor-id=\"4630\" class=\"elementor elementor-4630 elementor-3772\">\n\t\t\t\t\t\t<section class=\"elementor-section elementor-top-section elementor-element elementor-element-4c3574f elementor-section-boxed elementor-section-height-default elementor-section-height-default\" data-id=\"4c3574f\" data-element_type=\"section\" data-e-type=\"section\" data-settings=\"{&quot;background_background&quot;:&quot;classic&quot;}\">\n\t\t\t\t\t\t\t<div class=\"elementor-background-overlay\"><\/div>\n\t\t\t\t\t\t\t<div class=\"elementor-container elementor-column-gap-default\">\n\t\t\t\t\t<div class=\"elementor-column elementor-col-100 elementor-top-column elementor-element elementor-element-5e12dcc\" data-id=\"5e12dcc\" data-element_type=\"column\" data-e-type=\"column\">\n\t\t\t<div class=\"elementor-widget-wrap elementor-element-populated\">\n\t\t\t\t\t\t<div class=\"elementor-element elementor-element-ab07937 elementor-widget elementor-widget-heading\" data-id=\"ab07937\" data-element_type=\"widget\" data-e-type=\"widget\" data-widget_type=\"heading.default\">\n\t\t\t\t<div class=\"elementor-widget-container\">\n\t\t\t\t\t<h1 class=\"elementor-heading-title elementor-size-default\">Camps<\/h1>\t\t\t\t<\/div>\n\t\t\t\t<\/div>\n\t\t\t\t<div class=\"elementor-element elementor-element-20d10fa breadcrumbs-style elementor-widget elementor-widget-text-editor\" data-id=\"20d10fa\" data-element_type=\"widget\" data-e-type=\"widget\" data-widget_type=\"text-editor.default\">\n\t\t\t\t<div class=\"elementor-widget-container\">\n\t\t\t\t\t\t\t\t\t<section class=\"text-token-text-primary w-full focus:outline-none [--shadow-height:45px] has-data-writing-block:pointer-events-none has-data-writing-block:-mt-(--shadow-height) has-data-writing-block:pt-(--shadow-height) [&amp;:has([data-writing-block])&gt;*]:pointer-events-auto R6Vx5W_threadScrollVars scroll-mb-[calc(var(--scroll-root-safe-area-inset-bottom,0px)+var(--thread-response-height))] scroll-mt-(--header-height)\" dir=\"auto\" data-turn-id=\"53a6e1f6-b2be-435b-803d-67699d01fd5c\" data-testid=\"conversation-turn-1\" data-scroll-anchor=\"false\" data-turn=\"user\"><\/section>\n<section class=\"text-token-text-primary w-full focus:outline-none [--shadow-height:45px] has-data-writing-block:pointer-events-none has-data-writing-block:-mt-(--shadow-height) has-data-writing-block:pt-(--shadow-height) [&amp;:has([data-writing-block])&gt;*]:pointer-events-auto [content-visibility:auto] supports-[content-visibility:auto]:[contain-intrinsic-size:auto_100lvh] R6Vx5W_threadScrollVars scroll-mb-[calc(var(--scroll-root-safe-area-inset-bottom,0px)+var(--thread-response-height))] scroll-mt-[calc(var(--header-height)+min(200px,max(70px,20svh)))]\" dir=\"auto\" data-turn-id=\"request-WEB:a88ca078-023a-44f4-89c1-f196209c40bf-0\" data-testid=\"conversation-turn-2\" data-scroll-anchor=\"false\" data-turn=\"assistant\">\n<div class=\"text-base my-auto mx-auto pb-10 [--thread-content-margin:var(--thread-content-margin-xs,calc(var(--spacing)*4))] @w-sm\/main:[--thread-content-margin:var(--thread-content-margin-sm,calc(var(--spacing)*6))] @w-lg\/main:[--thread-content-margin:var(--thread-content-margin-lg,calc(var(--spacing)*16))] px-(--thread-content-margin)\">\n<div class=\"[--thread-content-max-width:40rem] @w-lg\/main:[--thread-content-max-width:48rem] mx-auto max-w-(--thread-content-max-width) flex-1 group\/turn-messages focus-visible:outline-hidden relative flex w-full min-w-0 flex-col agent-turn\">\n<div class=\"flex max-w-full flex-col gap-4 grow\">\n<div class=\"min-h-8 text-message relative flex w-full flex-col items-end gap-2 text-start break-words whitespace-normal outline-none keyboard-focused:focus-ring [.text-message+&amp;]:mt-1\" dir=\"auto\" tabindex=\"0\" data-message-author-role=\"assistant\" data-message-id=\"b4b7df17-2321-483b-afd9-1af7b1cc0dc4\" data-message-model-slug=\"gpt-5-3\" data-turn-start-message=\"true\">\n<div class=\"flex w-full flex-col gap-1 empty:hidden\">\n<div class=\"markdown prose dark:prose-invert w-full wrap-break-word dark markdown-new-styling\">\n<p data-start=\"0\" data-end=\"17\" data-is-last-node=\"\" data-is-only-node=\"\"><a href=\"https:\/\/dgschool.lv\/en\/\">Home<\/a> | Camps<\/p>\n<\/div>\n<\/div>\n<\/div>\n<\/div>\n<\/div>\n<\/div>\n<\/section>\n\t\t\t\t\t\t\t\t<\/div>\n\t\t\t\t<\/div>\n\t\t\t\t\t<\/div>\n\t\t<\/div>\n\t\t\t\t\t<\/div>\n\t\t<\/section>\n\t\t\t\t<section class=\"elementor-section elementor-top-section elementor-element elementor-element-f5a85cd elementor-section-content-middle elementor-section-boxed elementor-section-height-default elementor-section-height-default\" data-id=\"f5a85cd\" data-element_type=\"section\" data-e-type=\"section\">\n\t\t\t\t\t\t<div class=\"elementor-container elementor-column-gap-no\">\n\t\t\t\t\t<div class=\"elementor-column elementor-col-100 elementor-top-column elementor-element elementor-element-7cafec6\" data-id=\"7cafec6\" data-element_type=\"column\" data-e-type=\"column\">\n\t\t\t<div class=\"elementor-widget-wrap elementor-element-populated\">\n\t\t\t\t\t\t<div class=\"elementor-element elementor-element-b80e3a6 elementor-widget elementor-widget-product_showcase\" data-id=\"b80e3a6\" data-element_type=\"widget\" data-e-type=\"widget\" data-widget_type=\"product_showcase.default\">\n\t\t\t\t<div class=\"elementor-widget-container\">\n\t\t\t\t\t<div class=\"ry-elementor-product-showcase ry-elementor-custom-selected-products-style2\"><div class=\"ry-elementor-custom-product-block\"><div class=\"ry-elementor-custom-product-item\"><div class=\"ry-elementor-image-box\"><img fetchpriority=\"high\" decoding=\"async\" width=\"2048\" height=\"1365\" src=\"https:\/\/dgschool.lv\/wp-content\/uploads\/2025\/04\/BJ8A3271.jpg\" class=\"attachment-full size-full\" alt=\"3D GAME DEVELOPMENT IN UNITY ENGINE | Grades 4\u20136\" \/><\/div><\/div><div class=\"ry-elementor-custom-product-item ry-elementor-custom-product-item-content\"><div class=\"ry-elementor-custom-product-item-container\"><a href=\"https:\/\/dgschool.lv\/product\/3d-spelu-izstrade-unity-engine-i-4-6-klase\/\"><h2>3D GAME DEVELOPMENT IN UNITY ENGINE | Grades 4\u20136<\/h2><\/a><p class=\"ry-product-price\"><span class=\"woocommerce-Price-amount amount\">179,00&nbsp;<span class=\"woocommerce-Price-currencySymbol\">&euro;<\/span><\/span><\/p><p class=\"product-excerpt\">A five-day training course for students in grades 4\u20136, where participants learn the fundamentals of 3D game development using the popular Unity Engine platform. During practical sessions, students develop their first 3D game \u2013 from idea to a finished product \u2013 explore the Unity environment, learn to design game levels, implement player movement, add enemies and special effects. Includes shared leisure time in virtual reality. The camp takes place from June 8 to June 12, 2026.<\/p><div class=\"ry-elementor-product-button\"><a href=\"https:\/\/dgschool.lv\/product\/3d-spelu-izstrade-unity-engine-i-4-6-klase\/\">Read more<\/a><\/div><\/div><\/div><\/div><div class=\"ry-elementor-custom-product-block ry-reverse-wrap\"><div class=\"ry-elementor-custom-product-item ry-elementor-custom-product-item-content\"><div class=\"ry-elementor-custom-product-item-container\"><a href=\"https:\/\/dgschool.lv\/product\/3d-spelu-izstrade-unity-engine-i-7-12-klase\/\"><h2>3D GAME DEVELOPMENT IN UNITY ENGINE | Grades 7\u201312<\/h2><\/a><p class=\"ry-product-price\"><span class=\"woocommerce-Price-amount amount\">179,00&nbsp;<span class=\"woocommerce-Price-currencySymbol\">&euro;<\/span><\/span><\/p><p class=\"product-excerpt\">This five-day course for students in grades 7\u201312 provides in-depth 3D game development skills using the Unity Engine platform. During the program, participants will develop their own 3D game, learn to create interactions between players and objects, work with artificial intelligence tools, and implement animations and sound effects. The program also includes shared leisure time in virtual reality. The camp takes place from June 15 to June 19, 2026.<\/p><div class=\"ry-elementor-product-button\"><a href=\"https:\/\/dgschool.lv\/product\/3d-spelu-izstrade-unity-engine-i-7-12-klase\/\">Read more<\/a><\/div><\/div><\/div><div class=\"ry-elementor-custom-product-item\"><div class=\"ry-elementor-image-box\"><img decoding=\"async\" width=\"2048\" height=\"1365\" src=\"https:\/\/dgschool.lv\/wp-content\/uploads\/2025\/04\/2-Copy.jpg\" class=\"attachment-full size-full\" alt=\"3D GAME DEVELOPMENT IN UNITY ENGINE | Grades 7\u201312\" \/><\/div><\/div><\/div><div class=\"ry-elementor-custom-product-block\"><div class=\"ry-elementor-custom-product-item\"><div class=\"ry-elementor-image-box\"><img decoding=\"async\" width=\"1920\" height=\"2560\" src=\"https:\/\/dgschool.lv\/wp-content\/uploads\/2026\/05\/IMG_1945-1-scaled.jpg\" class=\"attachment-full size-full\" alt=\"BASICS OF 3D MODELING | Grades 4\u20136\" srcset=\"https:\/\/dgschool.lv\/wp-content\/uploads\/2026\/05\/IMG_1945-1-scaled.jpg 1920w, https:\/\/dgschool.lv\/wp-content\/uploads\/2026\/05\/IMG_1945-1-225x300.jpg 225w, https:\/\/dgschool.lv\/wp-content\/uploads\/2026\/05\/IMG_1945-1-768x1024.jpg 768w, https:\/\/dgschool.lv\/wp-content\/uploads\/2026\/05\/IMG_1945-1-1152x1536.jpg 1152w, https:\/\/dgschool.lv\/wp-content\/uploads\/2026\/05\/IMG_1945-1-1536x2048.jpg 1536w, https:\/\/dgschool.lv\/wp-content\/uploads\/2026\/05\/IMG_1945-1-1000x1333.jpg 1000w, https:\/\/dgschool.lv\/wp-content\/uploads\/2026\/05\/IMG_1945-1-230x307.jpg 230w, https:\/\/dgschool.lv\/wp-content\/uploads\/2026\/05\/IMG_1945-1-350x467.jpg 350w, https:\/\/dgschool.lv\/wp-content\/uploads\/2026\/05\/IMG_1945-1-480x640.jpg 480w, https:\/\/dgschool.lv\/wp-content\/uploads\/2026\/05\/IMG_1945-1-800x1067.jpg 800w\" sizes=\"(max-width: 1920px) 100vw, 1920px\" \/><\/div><\/div><div class=\"ry-elementor-custom-product-item ry-elementor-custom-product-item-content\"><div class=\"ry-elementor-custom-product-item-container\"><a href=\"https:\/\/dgschool.lv\/product\/3d-modelesanas-pamati-i-4-6-klase\/\"><h2>BASICS OF 3D MODELING | Grades 4\u20136<\/h2><\/a><p class=\"ry-product-price\"><span class=\"woocommerce-Price-amount amount\">179,00&nbsp;<span class=\"woocommerce-Price-currencySymbol\">&euro;<\/span><\/span><\/p><p class=\"product-excerpt\">A five-day course for Grades 4\u20136 students, where children learn the basics of 3D modeling and create their first digital works. Participants will explore the Blender environment, learn to build shapes, use color and lighting, and develop creative mini-projects which they will present to others. Sessions are held in small groups with opportunities to relax in virtual reality. The camp will take place from 06.07. to 10.07.2026.<\/p><div class=\"ry-elementor-product-button\"><a href=\"https:\/\/dgschool.lv\/product\/3d-modelesanas-pamati-i-4-6-klase\/\">Read more<\/a><\/div><\/div><\/div><\/div><div class=\"ry-elementor-custom-product-block ry-reverse-wrap\"><div class=\"ry-elementor-custom-product-item ry-elementor-custom-product-item-content\"><div class=\"ry-elementor-custom-product-item-container\"><a href=\"https:\/\/dgschool.lv\/product\/spelu-dizaina-radosa-laboratorija-4-6-klase\/\"><h2>CREATIVE GAME DESIGN LAB | Grades 4\u20136<\/h2><\/a><p class=\"ry-product-price\"><span class=\"woocommerce-Price-amount amount\">179,00&nbsp;<span class=\"woocommerce-Price-currencySymbol\">&euro;<\/span><\/span><\/p><p class=\"product-excerpt\">An engaging five-day course for Grades 4\u20136 students about video game history and storytelling in a digital environment. The program takes participants on a journey from the earliest video games to modern classics \u2014 from Pong to Minecraft. Students will analyze popular games, learn the principles of storytelling, create their own characters and levels, and explore the role of music and sound effects in building game atmosphere. At the end of the course, children will present...<\/p><div class=\"ry-elementor-product-button\"><a href=\"https:\/\/dgschool.lv\/product\/spelu-dizaina-radosa-laboratorija-4-6-klase\/\">Read more<\/a><\/div><\/div><\/div><div class=\"ry-elementor-custom-product-item\"><div class=\"ry-elementor-image-box\"><img loading=\"lazy\" decoding=\"async\" width=\"2048\" height=\"1365\" src=\"https:\/\/dgschool.lv\/wp-content\/uploads\/2025\/04\/BJ8A3158.jpg\" class=\"attachment-full size-full\" alt=\"CREATIVE GAME DESIGN LAB | Grades 4\u20136\" \/><\/div><\/div><\/div><div class=\"ry-elementor-custom-product-block\"><div class=\"ry-elementor-custom-product-item\"><div class=\"ry-elementor-image-box\"><img loading=\"lazy\" decoding=\"async\" width=\"2048\" height=\"1365\" src=\"https:\/\/dgschool.lv\/wp-content\/uploads\/2025\/04\/BJ8A2127.jpg\" class=\"attachment-full size-full\" alt=\"VIRTUAL REALITY GAME DEVELOPMENT | Grades 7\u201312\" \/><\/div><\/div><div class=\"ry-elementor-custom-product-item ry-elementor-custom-product-item-content\"><div class=\"ry-elementor-custom-product-item-container\"><a href=\"https:\/\/dgschool.lv\/product\/virtualas-realitates-spelu-izstrade-7-12-klase-2\/\"><h2>VIRTUAL REALITY GAME DEVELOPMENT | Grades 7\u201312<\/h2><\/a><p class=\"ry-product-price\"><span class=\"woocommerce-Price-amount amount\">179,00&nbsp;<span class=\"woocommerce-Price-currencySymbol\">&euro;<\/span><\/span><\/p><p class=\"product-excerpt\">In this intensive five-day course for Grades 7\u201312 students, participants will dive into the world of virtual reality. The program is designed to help students not only understand how VR technologies work but also apply this knowledge in practice using the Unity Engine and XR tools. Step by step, participants will learn VR game design concepts, create interactive virtual environments, and by the end of the course develop and test their own original VR game. The...<\/p><div class=\"ry-elementor-product-button\"><a href=\"https:\/\/dgschool.lv\/product\/virtualas-realitates-spelu-izstrade-7-12-klase-2\/\">Read more<\/a><\/div><\/div><\/div><\/div><div class=\"ry-elementor-custom-product-block ry-reverse-wrap\"><div class=\"ry-elementor-custom-product-item ry-elementor-custom-product-item-content\"><div class=\"ry-elementor-custom-product-item-container\"><a href=\"https:\/\/dgschool.lv\/product\/virtualas-realitates-spelu-izstrade-no-11-gadu-vecuma\/\"><h2>VIRTUAL REALITY GAME DEVELOPMENT | Ages 11+<\/h2><\/a><p class=\"ry-product-price\"><span class=\"woocommerce-Price-amount amount\">179,00&nbsp;<span class=\"woocommerce-Price-currencySymbol\">&euro;<\/span><\/span><\/p><p class=\"product-excerpt\">A five-day course where students explore the basics of virtual reality and create their first simple VR games using Unity. Participants will learn core principles, experiment with objects and movement, and present their projects at the end of the course. Sessions are held in small groups with opportunities to relax in virtual reality. The camp will take place from 24.08 to 28.08.2026.<\/p><div class=\"ry-elementor-product-button\"><a href=\"https:\/\/dgschool.lv\/product\/virtualas-realitates-spelu-izstrade-no-11-gadu-vecuma\/\">Read more<\/a><\/div><\/div><\/div><div class=\"ry-elementor-custom-product-item\"><div class=\"ry-elementor-image-box\"><img loading=\"lazy\" decoding=\"async\" width=\"2048\" height=\"1365\" src=\"https:\/\/dgschool.lv\/wp-content\/uploads\/2024\/05\/BJ8A1959.jpg\" class=\"attachment-full size-full\" alt=\"VIRTUAL REALITY GAME DEVELOPMENT | Ages 11+\" srcset=\"https:\/\/dgschool.lv\/wp-content\/uploads\/2024\/05\/BJ8A1959.jpg 2048w, https:\/\/dgschool.lv\/wp-content\/uploads\/2024\/05\/BJ8A1959-300x200.jpg 300w, https:\/\/dgschool.lv\/wp-content\/uploads\/2024\/05\/BJ8A1959-1024x683.jpg 1024w, https:\/\/dgschool.lv\/wp-content\/uploads\/2024\/05\/BJ8A1959-768x512.jpg 768w, https:\/\/dgschool.lv\/wp-content\/uploads\/2024\/05\/BJ8A1959-1536x1024.jpg 1536w, https:\/\/dgschool.lv\/wp-content\/uploads\/2024\/05\/BJ8A1959-1000x667.jpg 1000w, https:\/\/dgschool.lv\/wp-content\/uploads\/2024\/05\/BJ8A1959-230x153.jpg 230w, https:\/\/dgschool.lv\/wp-content\/uploads\/2024\/05\/BJ8A1959-350x233.jpg 350w, https:\/\/dgschool.lv\/wp-content\/uploads\/2024\/05\/BJ8A1959-480x320.jpg 480w, https:\/\/dgschool.lv\/wp-content\/uploads\/2024\/05\/BJ8A1959-800x533.jpg 800w\" sizes=\"(max-width: 2048px) 100vw, 2048px\" \/><\/div><\/div><\/div><\/div>\t\t\t\t<\/div>\n\t\t\t\t<\/div>\n\t\t\t\t\t<\/div>\n\t\t<\/div>\n\t\t\t\t\t<\/div>\n\t\t<\/section>\n\t\t<div class=\"elementor-element elementor-element-11c0cd2 e-flex e-con-boxed e-con e-parent\" data-id=\"11c0cd2\" data-element_type=\"container\" data-e-type=\"container\">\n\t\t\t\t\t<div class=\"e-con-inner\">\n\t\t\t\t\t<\/div>\n\t\t\t\t<\/div>\n\t\t\t\t<\/div>\n\t\t","protected":false},"excerpt":{"rendered":"<p>Camps Home | Camps 3D SP\u0112\u013bU IZSTR\u0100DE UNITY ENGINE | 4.\u20136. klase 179,00&nbsp;&euro; Piecu dienu apm\u0101c\u012bbu kurss 4.-6. kla\u0161u skol\u0113niem, kur\u0101 jaunie\u0161i apg\u016bst 3D sp\u0113\u013cu [&hellip;]<\/p>\n","protected":false},"author":25,"featured_media":0,"parent":0,"menu_order":0,"comment_status":"closed","ping_status":"closed","template":"page-templates\/page_front-page.php","meta":{"footnotes":""},"class_list":["post-4630","page","type-page","status-publish","hentry"],"_links":{"self":[{"href":"https:\/\/dgschool.lv\/en\/wp-json\/wp\/v2\/pages\/4630","targetHints":{"allow":["GET"]}}],"collection":[{"href":"https:\/\/dgschool.lv\/en\/wp-json\/wp\/v2\/pages"}],"about":[{"href":"https:\/\/dgschool.lv\/en\/wp-json\/wp\/v2\/types\/page"}],"author":[{"embeddable":true,"href":"https:\/\/dgschool.lv\/en\/wp-json\/wp\/v2\/users\/25"}],"replies":[{"embeddable":true,"href":"https:\/\/dgschool.lv\/en\/wp-json\/wp\/v2\/comments?post=4630"}],"version-history":[{"count":1,"href":"https:\/\/dgschool.lv\/en\/wp-json\/wp\/v2\/pages\/4630\/revisions"}],"predecessor-version":[{"id":4631,"href":"https:\/\/dgschool.lv\/en\/wp-json\/wp\/v2\/pages\/4630\/revisions\/4631"}],"wp:attachment":[{"href":"https:\/\/dgschool.lv\/en\/wp-json\/wp\/v2\/media?parent=4630"}],"curies":[{"name":"wp","href":"https:\/\/api.w.org\/{rel}","templated":true}]}}