{"id":4334,"date":"2020-10-03T14:51:12","date_gmt":"2020-10-03T11:51:12","guid":{"rendered":"https:\/\/dgschool.lv\/courses\/"},"modified":"2025-09-18T14:47:10","modified_gmt":"2025-09-18T11:47:10","slug":"courses","status":"publish","type":"page","link":"https:\/\/dgschool.lv\/en\/courses\/","title":{"rendered":"Courses"},"content":{"rendered":"\t\t<div data-elementor-type=\"wp-page\" data-elementor-id=\"4334\" class=\"elementor elementor-4334 elementor-11\">\n\t\t\t\t\t\t<section class=\"elementor-section elementor-top-section elementor-element elementor-element-3882169f elementor-section-boxed elementor-section-height-default elementor-section-height-default\" data-id=\"3882169f\" data-element_type=\"section\" data-e-type=\"section\" data-settings=\"{&quot;background_background&quot;:&quot;classic&quot;}\">\n\t\t\t\t\t\t\t<div class=\"elementor-background-overlay\"><\/div>\n\t\t\t\t\t\t\t<div class=\"elementor-container elementor-column-gap-default\">\n\t\t\t\t\t<div class=\"elementor-column elementor-col-100 elementor-top-column elementor-element elementor-element-192a7d33\" data-id=\"192a7d33\" data-element_type=\"column\" data-e-type=\"column\">\n\t\t\t<div class=\"elementor-widget-wrap elementor-element-populated\">\n\t\t\t\t\t\t<div class=\"elementor-element elementor-element-52ea68e9 elementor-widget elementor-widget-heading\" data-id=\"52ea68e9\" data-element_type=\"widget\" data-e-type=\"widget\" data-widget_type=\"heading.default\">\n\t\t\t\t<div class=\"elementor-widget-container\">\n\t\t\t\t\t<h1 class=\"elementor-heading-title elementor-size-default\">Courses<\/h1>\t\t\t\t<\/div>\n\t\t\t\t<\/div>\n\t\t\t\t<div class=\"elementor-element elementor-element-68e577d6 breadcrumbs-style elementor-widget elementor-widget-text-editor\" data-id=\"68e577d6\" data-element_type=\"widget\" data-e-type=\"widget\" data-widget_type=\"text-editor.default\">\n\t\t\t\t<div class=\"elementor-widget-container\">\n\t\t\t\t\t\t\t\t\t<p><a href=\"https:\/\/dgschool.lv\/en\">Home<\/a>\u00a0 \u00a0 |\u00a0 <span style=\"text-decoration: underline;\">Courses<\/span><\/p>\n\t\t\t\t\t\t\t\t<\/div>\n\t\t\t\t<\/div>\n\t\t\t\t\t<\/div>\n\t\t<\/div>\n\t\t\t\t\t<\/div>\n\t\t<\/section>\n\t\t\t\t<section class=\"elementor-section elementor-top-section elementor-element elementor-element-3f1aa65 elementor-section-content-middle elementor-section-boxed elementor-section-height-default elementor-section-height-default\" data-id=\"3f1aa65\" data-element_type=\"section\" data-e-type=\"section\">\n\t\t\t\t\t\t<div class=\"elementor-container elementor-column-gap-no\">\n\t\t\t\t\t<div class=\"elementor-column elementor-col-100 elementor-top-column elementor-element elementor-element-67374cc\" data-id=\"67374cc\" data-element_type=\"column\" data-e-type=\"column\">\n\t\t\t<div class=\"elementor-widget-wrap elementor-element-populated\">\n\t\t\t\t\t\t<div class=\"elementor-element elementor-element-2934bae elementor-widget elementor-widget-product_showcase\" data-id=\"2934bae\" data-element_type=\"widget\" data-e-type=\"widget\" data-widget_type=\"product_showcase.default\">\n\t\t\t\t<div class=\"elementor-widget-container\">\n\t\t\t\t\t<div class=\"ry-elementor-product-showcase ry-elementor-custom-selected-products-style2\"><div class=\"ry-elementor-custom-product-block\"><div class=\"ry-elementor-custom-product-item\"><div class=\"ry-elementor-image-box\"><img fetchpriority=\"high\" decoding=\"async\" width=\"2560\" height=\"1707\" src=\"https:\/\/dgschool.lv\/wp-content\/uploads\/2024\/02\/IMG_4050-scaled.jpg\" class=\"attachment-full size-full\" alt=\"JUNIOR STUDY GROUP (GRADES 4\u20146)\" srcset=\"https:\/\/dgschool.lv\/wp-content\/uploads\/2024\/02\/IMG_4050-scaled.jpg 2560w, https:\/\/dgschool.lv\/wp-content\/uploads\/2024\/02\/IMG_4050-300x200.jpg 300w, https:\/\/dgschool.lv\/wp-content\/uploads\/2024\/02\/IMG_4050-1024x683.jpg 1024w, https:\/\/dgschool.lv\/wp-content\/uploads\/2024\/02\/IMG_4050-768x512.jpg 768w, https:\/\/dgschool.lv\/wp-content\/uploads\/2024\/02\/IMG_4050-1536x1024.jpg 1536w, https:\/\/dgschool.lv\/wp-content\/uploads\/2024\/02\/IMG_4050-2048x1365.jpg 2048w, https:\/\/dgschool.lv\/wp-content\/uploads\/2024\/02\/IMG_4050-1000x667.jpg 1000w, https:\/\/dgschool.lv\/wp-content\/uploads\/2024\/02\/IMG_4050-230x153.jpg 230w, https:\/\/dgschool.lv\/wp-content\/uploads\/2024\/02\/IMG_4050-350x233.jpg 350w, https:\/\/dgschool.lv\/wp-content\/uploads\/2024\/02\/IMG_4050-480x320.jpg 480w, https:\/\/dgschool.lv\/wp-content\/uploads\/2024\/02\/IMG_4050-800x533.jpg 800w\" sizes=\"(max-width: 2560px) 100vw, 2560px\" \/><\/div><\/div><div class=\"ry-elementor-custom-product-item ry-elementor-custom-product-item-content\"><div class=\"ry-elementor-custom-product-item-container\"><a href=\"https:\/\/dgschool.lv\/product\/virtualas-realitates-spelu-dizains-4-6-klase\/\"><h2>JUNIOR STUDY GROUP (GRADES 4\u20146)<\/h2><\/a><p class=\"ry-product-price\"><span class=\"woocommerce-Price-amount amount\">59,00&nbsp;<span class=\"woocommerce-Price-currencySymbol\">&euro;<\/span><\/span> <span class=\"subscription-details\"> \/ month<\/span><\/p><p class=\"product-excerpt\">A comprehensive educational program focusing on virtual reality game design is tailored for junior participants in grades 4-6, unfolding within a dynamic and engaging setting. The program covers various aspects of game development, including storyboarding, level design, creative problem-solving, and collaborative teamwork. Following each session, individuals unwind and enjoy recreational activities together within the immersive realm of virtual reality. On weekends, additional classes are available for working on individual game...<\/p><div class=\"ry-elementor-product-button\"><a href=\"https:\/\/dgschool.lv\/product\/virtualas-realitates-spelu-dizains-4-6-klase\/\">Read more<\/a><\/div><\/div><\/div><\/div><div class=\"ry-elementor-custom-product-block ry-reverse-wrap\"><div class=\"ry-elementor-custom-product-item ry-elementor-custom-product-item-content\"><div class=\"ry-elementor-custom-product-item-container\"><a href=\"https:\/\/dgschool.lv\/product\/virtualas-realitates-spelu-dizains-7-9-klase\/\"><h2>MIDDLE STUDY GROUP (GRADES 7\u20149)<\/h2><\/a><p class=\"ry-product-price\"><span class=\"woocommerce-Price-amount amount\">69,00&nbsp;<span class=\"woocommerce-Price-currencySymbol\">&euro;<\/span><\/span> <span class=\"subscription-details\"> \/ month<\/span><\/p><p class=\"product-excerpt\">Virtual reality game design training for students in grades 7-9. Game design, level design and interactive elements, Unity Engine basics. Group work and relaxing together in a virtual reality environment. On weekends, you can attend free-form classes and work on your own game design projects under the supervision of a tutor. Places are limited.<\/p><div class=\"ry-elementor-product-button\"><a href=\"https:\/\/dgschool.lv\/product\/virtualas-realitates-spelu-dizains-7-9-klase\/\">Read more<\/a><\/div><\/div><\/div><div class=\"ry-elementor-custom-product-item\"><div class=\"ry-elementor-image-box\"><img decoding=\"async\" width=\"2560\" height=\"1707\" src=\"https:\/\/dgschool.lv\/wp-content\/uploads\/2024\/02\/IMG_3978-scaled.jpg\" class=\"attachment-full size-full\" alt=\"MIDDLE STUDY GROUP (GRADES 7\u20149)\" srcset=\"https:\/\/dgschool.lv\/wp-content\/uploads\/2024\/02\/IMG_3978-scaled.jpg 2560w, https:\/\/dgschool.lv\/wp-content\/uploads\/2024\/02\/IMG_3978-300x200.jpg 300w, https:\/\/dgschool.lv\/wp-content\/uploads\/2024\/02\/IMG_3978-1024x683.jpg 1024w, https:\/\/dgschool.lv\/wp-content\/uploads\/2024\/02\/IMG_3978-768x512.jpg 768w, https:\/\/dgschool.lv\/wp-content\/uploads\/2024\/02\/IMG_3978-1536x1024.jpg 1536w, https:\/\/dgschool.lv\/wp-content\/uploads\/2024\/02\/IMG_3978-2048x1365.jpg 2048w, https:\/\/dgschool.lv\/wp-content\/uploads\/2024\/02\/IMG_3978-1000x667.jpg 1000w, https:\/\/dgschool.lv\/wp-content\/uploads\/2024\/02\/IMG_3978-230x153.jpg 230w, https:\/\/dgschool.lv\/wp-content\/uploads\/2024\/02\/IMG_3978-350x233.jpg 350w, https:\/\/dgschool.lv\/wp-content\/uploads\/2024\/02\/IMG_3978-480x320.jpg 480w, https:\/\/dgschool.lv\/wp-content\/uploads\/2024\/02\/IMG_3978-800x533.jpg 800w\" sizes=\"(max-width: 2560px) 100vw, 2560px\" \/><\/div><\/div><\/div><div class=\"ry-elementor-custom-product-block\"><div class=\"ry-elementor-custom-product-item\"><div class=\"ry-elementor-image-box\"><img decoding=\"async\" width=\"2560\" height=\"1707\" src=\"https:\/\/dgschool.lv\/wp-content\/uploads\/2024\/02\/IMG_4423-scaled.jpg\" class=\"attachment-full size-full\" alt=\"SENIOR STUDY GROUP (GRADES 10-12)\" \/><\/div><\/div><div class=\"ry-elementor-custom-product-item ry-elementor-custom-product-item-content\"><div class=\"ry-elementor-custom-product-item-container\"><a href=\"https:\/\/dgschool.lv\/product\/nodarbiba-10-12-kl-audzekniem\/\"><h2>SENIOR STUDY GROUP (GRADES 10-12)<\/h2><\/a><p class=\"ry-product-price\"><span class=\"woocommerce-Price-amount amount\">69,00&nbsp;<span class=\"woocommerce-Price-currencySymbol\">&euro;<\/span><\/span> <span class=\"subscription-details\"> \/ month<\/span><\/p><p class=\"product-excerpt\">Engage in educational exploration by delving into the development of virtual reality projects and interactive games using the\u00a0Unity Engine\u00a0for the\u00a0Meta Quest\u00a0environment. Participants will explore project management strategies, collaborate through group work employing the\u00a0AGILE\u00a0methodology, and master the entire game design process from start to finish, including the use of AI tools. On weekends, free-form classes are available for working on personal game design projects under the supervision of a tutor. Places...<\/p><div class=\"ry-elementor-product-button\"><a href=\"https:\/\/dgschool.lv\/product\/nodarbiba-10-12-kl-audzekniem\/\">Read more<\/a><\/div><\/div><\/div><\/div><div class=\"ry-elementor-custom-product-block ry-reverse-wrap\"><div class=\"ry-elementor-custom-product-item ry-elementor-custom-product-item-content\"><div class=\"ry-elementor-custom-product-item-container\"><a href=\"https:\/\/dgschool.lv\/product\/virtualas-realitates-spelu-dizains-skoleniem-ar-priekszinasanam\/\"><h2>ADVANCED STUDY GROUP<\/h2><\/a><p class=\"ry-product-price\"><span class=\"woocommerce-Price-amount amount\">69,00&nbsp;<span class=\"woocommerce-Price-currencySymbol\">&euro;<\/span><\/span> <span class=\"subscription-details\"> \/ month<\/span><\/p><p class=\"product-excerpt\">The program is designed for individuals aged 13-19 with experience in game development, programming, or 2D\/3D modeling. It focuses on developing virtual reality projects and interactive games using the\u00a0Unity Engine\u00a0for the\u00a0Meta Quest\u00a0environment. The curriculum includes project management, group work with AGILE methodology, and comprehensive game development, including the use of AI tools. On weekends, free-form classes are available for working on personal game design projects under the supervision of a...<\/p><div class=\"ry-elementor-product-button\"><a href=\"https:\/\/dgschool.lv\/product\/virtualas-realitates-spelu-dizains-skoleniem-ar-priekszinasanam\/\">Read more<\/a><\/div><\/div><\/div><div class=\"ry-elementor-custom-product-item\"><div class=\"ry-elementor-image-box\"><img loading=\"lazy\" decoding=\"async\" width=\"2560\" height=\"1707\" src=\"https:\/\/dgschool.lv\/wp-content\/uploads\/2024\/02\/IMG_4479-scaled.jpg\" class=\"attachment-full size-full\" alt=\"ADVANCED STUDY GROUP\" srcset=\"https:\/\/dgschool.lv\/wp-content\/uploads\/2024\/02\/IMG_4479-scaled.jpg 2560w, https:\/\/dgschool.lv\/wp-content\/uploads\/2024\/02\/IMG_4479-300x200.jpg 300w, https:\/\/dgschool.lv\/wp-content\/uploads\/2024\/02\/IMG_4479-1024x683.jpg 1024w, https:\/\/dgschool.lv\/wp-content\/uploads\/2024\/02\/IMG_4479-768x512.jpg 768w, https:\/\/dgschool.lv\/wp-content\/uploads\/2024\/02\/IMG_4479-1536x1024.jpg 1536w, https:\/\/dgschool.lv\/wp-content\/uploads\/2024\/02\/IMG_4479-2048x1365.jpg 2048w, https:\/\/dgschool.lv\/wp-content\/uploads\/2024\/02\/IMG_4479-1000x667.jpg 1000w, https:\/\/dgschool.lv\/wp-content\/uploads\/2024\/02\/IMG_4479-230x153.jpg 230w, https:\/\/dgschool.lv\/wp-content\/uploads\/2024\/02\/IMG_4479-350x233.jpg 350w, https:\/\/dgschool.lv\/wp-content\/uploads\/2024\/02\/IMG_4479-480x320.jpg 480w, https:\/\/dgschool.lv\/wp-content\/uploads\/2024\/02\/IMG_4479-800x533.jpg 800w\" sizes=\"(max-width: 2560px) 100vw, 2560px\" \/><\/div><\/div><\/div><div class=\"ry-elementor-custom-product-block\"><div class=\"ry-elementor-custom-product-item\"><div class=\"ry-elementor-image-box\"><img loading=\"lazy\" decoding=\"async\" width=\"2048\" height=\"1365\" src=\"https:\/\/dgschool.lv\/wp-content\/uploads\/2025\/04\/BJ8A3158.jpg\" class=\"attachment-full size-full\" alt=\"3D MODELING WITH BLENDER | GRADES 4\u20136\" \/><\/div><\/div><div class=\"ry-elementor-custom-product-item ry-elementor-custom-product-item-content\"><div class=\"ry-elementor-custom-product-item-container\"><a href=\"https:\/\/dgschool.lv\/product\/3d-modelesana-ar-blender-4-6-klase\/\"><h2>3D MODELING WITH BLENDER | GRADES 4\u20136<\/h2><\/a><p class=\"ry-product-price\"><span class=\"woocommerce-Price-amount amount\">59,00&nbsp;<span class=\"woocommerce-Price-currencySymbol\">&euro;<\/span><\/span> <span class=\"subscription-details\"> \/ month<\/span><\/p><p class=\"product-excerpt\">In the lessons, students gradually learn the fundamentals of three-dimensional design \u2013 from creating simple objects to coloring them and basic animation. Each participant develops their own individual projects, experimenting with shapes, colors, and movement, while developing spatial awareness, digital skills, and creative thinking. The course content fosters independence, visual imagination, and logical thinking. At the end of each session \u2013 a relaxation break in the digital environment. Places are...<\/p><div class=\"ry-elementor-product-button\"><a href=\"https:\/\/dgschool.lv\/product\/3d-modelesana-ar-blender-4-6-klase\/\">Read more<\/a><\/div><\/div><\/div><\/div><div class=\"ry-elementor-custom-product-block ry-reverse-wrap\"><div class=\"ry-elementor-custom-product-item ry-elementor-custom-product-item-content\"><div class=\"ry-elementor-custom-product-item-container\"><a href=\"https:\/\/dgschool.lv\/product\/3d-modelesana-ar-blender-7-12-klase\/\"><h2>3D MODELING WITH BLENDER | GRADES 7\u201312<\/h2><\/a><p class=\"ry-product-price\"><span class=\"woocommerce-Price-amount amount\">69,00&nbsp;<span class=\"woocommerce-Price-currencySymbol\">&euro;<\/span><\/span> <span class=\"subscription-details\"> \/ month<\/span><\/p><p class=\"product-excerpt\">The course takes place in a creative and dynamic learning environment, where teenagers step by step acquire the fundamentals of professional 3D modeling and animation. Lessons cover detailed object modeling, advanced texturing, and motion animation. Participants develop individual projects, experiment with various digital techniques, and gain skills that can form the basis for future professional careers. The course combines individual creative work with collaborative projects, encouraging portfolio development and the...<\/p><div class=\"ry-elementor-product-button\"><a href=\"https:\/\/dgschool.lv\/product\/3d-modelesana-ar-blender-7-12-klase\/\">Read more<\/a><\/div><\/div><\/div><div class=\"ry-elementor-custom-product-item\"><div class=\"ry-elementor-image-box\"><img loading=\"lazy\" decoding=\"async\" width=\"2048\" height=\"1365\" src=\"https:\/\/dgschool.lv\/wp-content\/uploads\/2024\/06\/BJ8A2869.jpg\" class=\"attachment-full size-full\" alt=\"3D MODELING WITH BLENDER | GRADES 7\u201312\" srcset=\"https:\/\/dgschool.lv\/wp-content\/uploads\/2024\/06\/BJ8A2869.jpg 2048w, https:\/\/dgschool.lv\/wp-content\/uploads\/2024\/06\/BJ8A2869-300x200.jpg 300w, https:\/\/dgschool.lv\/wp-content\/uploads\/2024\/06\/BJ8A2869-1024x683.jpg 1024w, https:\/\/dgschool.lv\/wp-content\/uploads\/2024\/06\/BJ8A2869-768x512.jpg 768w, https:\/\/dgschool.lv\/wp-content\/uploads\/2024\/06\/BJ8A2869-1536x1024.jpg 1536w, https:\/\/dgschool.lv\/wp-content\/uploads\/2024\/06\/BJ8A2869-1000x667.jpg 1000w, https:\/\/dgschool.lv\/wp-content\/uploads\/2024\/06\/BJ8A2869-230x153.jpg 230w, https:\/\/dgschool.lv\/wp-content\/uploads\/2024\/06\/BJ8A2869-350x233.jpg 350w, https:\/\/dgschool.lv\/wp-content\/uploads\/2024\/06\/BJ8A2869-480x320.jpg 480w, https:\/\/dgschool.lv\/wp-content\/uploads\/2024\/06\/BJ8A2869-800x533.jpg 800w\" sizes=\"(max-width: 2048px) 100vw, 2048px\" \/><\/div><\/div><\/div><div class=\"ry-elementor-custom-product-block\"><div class=\"ry-elementor-custom-product-item\"><div class=\"ry-elementor-image-box\"><img loading=\"lazy\" decoding=\"async\" width=\"2048\" height=\"1365\" src=\"https:\/\/dgschool.lv\/wp-content\/uploads\/2025\/08\/BJ8A2009.jpg\" class=\"attachment-full size-full\" alt=\"ANIMATION DESIGN | GRADES 4-6\" srcset=\"https:\/\/dgschool.lv\/wp-content\/uploads\/2025\/08\/BJ8A2009.jpg 2048w, https:\/\/dgschool.lv\/wp-content\/uploads\/2025\/08\/BJ8A2009-300x200.jpg 300w, https:\/\/dgschool.lv\/wp-content\/uploads\/2025\/08\/BJ8A2009-1024x683.jpg 1024w, https:\/\/dgschool.lv\/wp-content\/uploads\/2025\/08\/BJ8A2009-768x512.jpg 768w, https:\/\/dgschool.lv\/wp-content\/uploads\/2025\/08\/BJ8A2009-1536x1024.jpg 1536w, https:\/\/dgschool.lv\/wp-content\/uploads\/2025\/08\/BJ8A2009-1000x667.jpg 1000w, https:\/\/dgschool.lv\/wp-content\/uploads\/2025\/08\/BJ8A2009-230x153.jpg 230w, https:\/\/dgschool.lv\/wp-content\/uploads\/2025\/08\/BJ8A2009-350x233.jpg 350w, https:\/\/dgschool.lv\/wp-content\/uploads\/2025\/08\/BJ8A2009-480x320.jpg 480w, https:\/\/dgschool.lv\/wp-content\/uploads\/2025\/08\/BJ8A2009-800x533.jpg 800w\" sizes=\"(max-width: 2048px) 100vw, 2048px\" \/><\/div><\/div><div class=\"ry-elementor-custom-product-item ry-elementor-custom-product-item-content\"><div class=\"ry-elementor-custom-product-item-container\"><a href=\"https:\/\/dgschool.lv\/product\/animacijas-dizains-4-6-klase\/\"><h2>ANIMATION DESIGN | GRADES 4-6<\/h2><\/a><p class=\"ry-product-price\"><span class=\"woocommerce-Price-amount amount\">59,00&nbsp;<span class=\"woocommerce-Price-currencySymbol\">&euro;<\/span><\/span> <span class=\"subscription-details\"> \/ month<\/span><\/p><p class=\"product-excerpt\">Animation training for students in grades 4\u20136 in a creative and playful environment. Step by step, young learners are introduced to the world of animation \u2013 from bringing hand-drawn characters to life to creating simple digital animations and stories. Each participant designs their own unique characters, experimenting with colors, movement, and storytelling, while developing imagination, patience, and visual expression skills. At the end of each lesson \u2013 shared relaxation time...<\/p><div class=\"ry-elementor-product-button\"><a href=\"https:\/\/dgschool.lv\/product\/animacijas-dizains-4-6-klase\/\">Read more<\/a><\/div><\/div><\/div><\/div><div class=\"ry-elementor-custom-product-block ry-reverse-wrap\"><div class=\"ry-elementor-custom-product-item ry-elementor-custom-product-item-content\"><div class=\"ry-elementor-custom-product-item-container\"><a href=\"https:\/\/dgschool.lv\/product\/animacijas-dizains-7-12-klase\/\"><h2>ANIMATION DESIGN | GRADES 7\u201312<\/h2><\/a><p class=\"ry-product-price\"><span class=\"woocommerce-Price-amount amount\">69,00&nbsp;<span class=\"woocommerce-Price-currencySymbol\">&euro;<\/span><\/span> <span class=\"subscription-details\"> \/ month<\/span><\/p><p class=\"product-excerpt\">Animation training for students in grades 7\u201312 in a creative and dynamic environment. Step by step, youngsters will learn the principles of digital animation \u2013 from character creation to storytelling and motion animation. Each participant will create their own unique animation projects, experimenting with professional software and techniques, and developing skills that can grow into a future profession. Places are limited.<\/p><div class=\"ry-elementor-product-button\"><a href=\"https:\/\/dgschool.lv\/product\/animacijas-dizains-7-12-klase\/\">Read more<\/a><\/div><\/div><\/div><div class=\"ry-elementor-custom-product-item\"><div class=\"ry-elementor-image-box\"><img loading=\"lazy\" decoding=\"async\" width=\"2048\" height=\"1365\" src=\"https:\/\/dgschool.lv\/wp-content\/uploads\/2025\/08\/BJ8A2088-1-e1756279406776.jpg\" class=\"attachment-full size-full\" alt=\"ANIMATION DESIGN | GRADES 7\u201312\" \/><\/div><\/div><\/div><\/div>\t\t\t\t<\/div>\n\t\t\t\t<\/div>\n\t\t\t\t\t<\/div>\n\t\t<\/div>\n\t\t\t\t\t<\/div>\n\t\t<\/section>\n\t\t<div class=\"elementor-element elementor-element-0b8f3c4 e-flex e-con-boxed e-con e-parent\" data-id=\"0b8f3c4\" data-element_type=\"container\" data-e-type=\"container\">\n\t\t\t\t\t<div class=\"e-con-inner\">\n\t\t\t\t\t<\/div>\n\t\t\t\t<\/div>\n\t\t\t\t<\/div>\n\t\t","protected":false},"excerpt":{"rendered":"<p>Courses Home\u00a0 \u00a0 |\u00a0 Courses VIRTU\u0100L\u0100S REALIT\u0100TES SP\u0112\u013bU DIZAINS | 4.\u20136. KLASE 59,00&nbsp;&euro; \/ m\u0113nes\u012b Virtu\u0101l\u0101s realit\u0101tes sp\u0113\u013cu dizaina apm\u0101c\u012bba 4.-6. klases skol\u0113niem aizraujo\u0161\u0101 un [&hellip;]<\/p>\n","protected":false},"author":1,"featured_media":0,"parent":0,"menu_order":0,"comment_status":"closed","ping_status":"closed","template":"page-templates\/page_front-page.php","meta":{"footnotes":""},"class_list":["post-4334","page","type-page","status-publish","hentry"],"_links":{"self":[{"href":"https:\/\/dgschool.lv\/en\/wp-json\/wp\/v2\/pages\/4334","targetHints":{"allow":["GET"]}}],"collection":[{"href":"https:\/\/dgschool.lv\/en\/wp-json\/wp\/v2\/pages"}],"about":[{"href":"https:\/\/dgschool.lv\/en\/wp-json\/wp\/v2\/types\/page"}],"author":[{"embeddable":true,"href":"https:\/\/dgschool.lv\/en\/wp-json\/wp\/v2\/users\/1"}],"replies":[{"embeddable":true,"href":"https:\/\/dgschool.lv\/en\/wp-json\/wp\/v2\/comments?post=4334"}],"version-history":[{"count":11,"href":"https:\/\/dgschool.lv\/en\/wp-json\/wp\/v2\/pages\/4334\/revisions"}],"predecessor-version":[{"id":4349,"href":"https:\/\/dgschool.lv\/en\/wp-json\/wp\/v2\/pages\/4334\/revisions\/4349"}],"wp:attachment":[{"href":"https:\/\/dgschool.lv\/en\/wp-json\/wp\/v2\/media?parent=4334"}],"curies":[{"name":"wp","href":"https:\/\/api.w.org\/{rel}","templated":true}]}}