{"id":2248,"date":"2024-05-14T21:07:37","date_gmt":"2024-05-14T18:07:37","guid":{"rendered":"https:\/\/dgschool.lv\/news\/"},"modified":"2024-11-01T10:43:12","modified_gmt":"2024-11-01T08:43:12","slug":"news","status":"publish","type":"page","link":"https:\/\/dgschool.lv\/en\/news\/","title":{"rendered":"News"},"content":{"rendered":"\t\t<div data-elementor-type=\"wp-page\" data-elementor-id=\"2248\" class=\"elementor elementor-2248 elementor-1816\">\n\t\t\t\t\t\t<section class=\"elementor-section elementor-top-section elementor-element elementor-element-671db2d elementor-section-boxed elementor-section-height-default elementor-section-height-default\" data-id=\"671db2d\" data-element_type=\"section\" data-e-type=\"section\" data-settings=\"{&quot;background_background&quot;:&quot;classic&quot;}\">\n\t\t\t\t\t\t\t<div class=\"elementor-background-overlay\"><\/div>\n\t\t\t\t\t\t\t<div class=\"elementor-container elementor-column-gap-default\">\n\t\t\t\t\t<div class=\"elementor-column elementor-col-100 elementor-top-column elementor-element elementor-element-e7a0f04\" data-id=\"e7a0f04\" data-element_type=\"column\" data-e-type=\"column\">\n\t\t\t<div class=\"elementor-widget-wrap elementor-element-populated\">\n\t\t\t\t\t\t<div class=\"elementor-element elementor-element-c7045c8 elementor-widget elementor-widget-heading\" data-id=\"c7045c8\" data-element_type=\"widget\" data-e-type=\"widget\" data-widget_type=\"heading.default\">\n\t\t\t\t<div class=\"elementor-widget-container\">\n\t\t\t\t\t<h1 class=\"elementor-heading-title elementor-size-default\">News<\/h1>\t\t\t\t<\/div>\n\t\t\t\t<\/div>\n\t\t\t\t<div class=\"elementor-element elementor-element-9e0e237 breadcrumbs-style elementor-widget elementor-widget-text-editor\" data-id=\"9e0e237\" data-element_type=\"widget\" data-e-type=\"widget\" data-widget_type=\"text-editor.default\">\n\t\t\t\t<div class=\"elementor-widget-container\">\n\t\t\t\t\t\t\t\t\t<p><a href=\"https:\/\/dgschool.lv\/en\/\">Home<\/a> | <span style=\"text-decoration: underline;\">News<\/span><\/p>\n\t\t\t\t\t\t\t\t<\/div>\n\t\t\t\t<\/div>\n\t\t\t\t\t<\/div>\n\t\t<\/div>\n\t\t\t\t\t<\/div>\n\t\t<\/section>\n\t\t\t\t<section class=\"elementor-section elementor-top-section elementor-element elementor-element-8f2e2e2 elementor-section-boxed elementor-section-height-default elementor-section-height-default\" data-id=\"8f2e2e2\" data-element_type=\"section\" data-e-type=\"section\">\n\t\t\t\t\t\t<div class=\"elementor-container elementor-column-gap-default\">\n\t\t\t\t\t<div class=\"elementor-column elementor-col-100 elementor-top-column elementor-element elementor-element-b65cfa7\" data-id=\"b65cfa7\" data-element_type=\"column\" data-e-type=\"column\">\n\t\t\t<div class=\"elementor-widget-wrap elementor-element-populated\">\n\t\t\t\t\t\t<div class=\"elementor-element elementor-element-3ef10ad elementor-widget elementor-widget-post_grid\" data-id=\"3ef10ad\" data-element_type=\"widget\" data-e-type=\"widget\" data-widget_type=\"post_grid.default\">\n\t\t\t\t<div class=\"elementor-widget-container\">\n\t\t\t\t\t<div class=\"ry-elementor-post-grid\" style=\"display: flex; flex-wrap: wrap;\"><div class=\"ry-elementor-post-item\"><div class=\"ry-elementor-post-inner\" style=\"position: relative;\"><a  href=\"https:\/\/dgschool.lv\/en\/nvidia-ace-for-games-new-technology-to-breathe-life-into-npc-characters-through-generative-ai\/\"><div class=\"ry-elementor-post-thumbnail\" style=\"margin-bottom:10px;\"><img fetchpriority=\"high\" decoding=\"async\" width=\"1920\" height=\"1080\" src=\"https:\/\/dgschool.lv\/wp-content\/uploads\/2024\/08\/feature.jpg\" class=\"attachment-full size-full wp-post-image\" alt=\"\" srcset=\"https:\/\/dgschool.lv\/wp-content\/uploads\/2024\/08\/feature.jpg 1920w, https:\/\/dgschool.lv\/wp-content\/uploads\/2024\/08\/feature-300x169.jpg 300w, https:\/\/dgschool.lv\/wp-content\/uploads\/2024\/08\/feature-1024x576.jpg 1024w, https:\/\/dgschool.lv\/wp-content\/uploads\/2024\/08\/feature-768x432.jpg 768w, https:\/\/dgschool.lv\/wp-content\/uploads\/2024\/08\/feature-1536x864.jpg 1536w, https:\/\/dgschool.lv\/wp-content\/uploads\/2024\/08\/feature-1000x563.jpg 1000w, https:\/\/dgschool.lv\/wp-content\/uploads\/2024\/08\/feature-230x129.jpg 230w, https:\/\/dgschool.lv\/wp-content\/uploads\/2024\/08\/feature-350x197.jpg 350w, https:\/\/dgschool.lv\/wp-content\/uploads\/2024\/08\/feature-480x270.jpg 480w, https:\/\/dgschool.lv\/wp-content\/uploads\/2024\/08\/feature-800x450.jpg 800w\" sizes=\"(max-width: 1920px) 100vw, 1920px\" \/><\/div><\/a><div class=\"ry-elementor-post-meta\" style=\"display: flex;\"><div class=\"ry-elementor-post-date\" style=\"position: absolute; top: 10px; margin: 0 10px;\">31 Aug.<\/div><\/div><\/div><a class=\"ry-elementor-post-title\" href=\"https:\/\/dgschool.lv\/en\/nvidia-ace-for-games-new-technology-to-breathe-life-into-npc-characters-through-generative-ai\/\">NVIDIA ACE For Games &#8211; new technology to breathe life into NPC characters through generative AI<\/a><div class=\"ry-elementor-post-excerpt\">Imagine a game where you could have intelligent, unpredictable and dynamic conversations with...<\/div><\/div><div class=\"ry-elementor-post-item\"><div class=\"ry-elementor-post-inner\" style=\"position: relative;\"><a  href=\"https:\/\/dgschool.lv\/en\/how-to-choose-the-right-vr-headset\/\"><div class=\"ry-elementor-post-thumbnail\" style=\"margin-bottom:10px;\"><img decoding=\"async\" width=\"1920\" height=\"915\" src=\"https:\/\/dgschool.lv\/wp-content\/uploads\/2024\/07\/feature2.jpg\" class=\"attachment-full size-full wp-post-image\" alt=\"\" srcset=\"https:\/\/dgschool.lv\/wp-content\/uploads\/2024\/07\/feature2.jpg 1920w, https:\/\/dgschool.lv\/wp-content\/uploads\/2024\/07\/feature2-300x143.jpg 300w, https:\/\/dgschool.lv\/wp-content\/uploads\/2024\/07\/feature2-1024x488.jpg 1024w, https:\/\/dgschool.lv\/wp-content\/uploads\/2024\/07\/feature2-768x366.jpg 768w, https:\/\/dgschool.lv\/wp-content\/uploads\/2024\/07\/feature2-1536x732.jpg 1536w, https:\/\/dgschool.lv\/wp-content\/uploads\/2024\/07\/feature2-1000x477.jpg 1000w, https:\/\/dgschool.lv\/wp-content\/uploads\/2024\/07\/feature2-230x110.jpg 230w, https:\/\/dgschool.lv\/wp-content\/uploads\/2024\/07\/feature2-350x167.jpg 350w, https:\/\/dgschool.lv\/wp-content\/uploads\/2024\/07\/feature2-480x229.jpg 480w, https:\/\/dgschool.lv\/wp-content\/uploads\/2024\/07\/feature2-800x381.jpg 800w\" sizes=\"(max-width: 1920px) 100vw, 1920px\" \/><\/div><\/a><div class=\"ry-elementor-post-meta\" style=\"display: flex;\"><div class=\"ry-elementor-post-date\" style=\"position: absolute; top: 10px; margin: 0 10px;\">10 Jul.<\/div><\/div><\/div><a class=\"ry-elementor-post-title\" href=\"https:\/\/dgschool.lv\/en\/how-to-choose-the-right-vr-headset\/\">How to choose the right VR headset<\/a><div class=\"ry-elementor-post-excerpt\">Virtual reality has been &#8220;just around the corner&#8221; for more than 10 years...<\/div><\/div><div class=\"ry-elementor-post-item\"><div class=\"ry-elementor-post-inner\" style=\"position: relative;\"><a  href=\"https:\/\/dgschool.lv\/en\/first-impressions-of-dateks-gaming-school\/\"><div class=\"ry-elementor-post-thumbnail\" style=\"margin-bottom:10px;\"><img decoding=\"async\" width=\"2048\" height=\"1365\" src=\"https:\/\/dgschool.lv\/wp-content\/uploads\/2024\/06\/BJ8A2868.jpg\" class=\"attachment-full size-full wp-post-image\" alt=\"\" srcset=\"https:\/\/dgschool.lv\/wp-content\/uploads\/2024\/06\/BJ8A2868.jpg 2048w, https:\/\/dgschool.lv\/wp-content\/uploads\/2024\/06\/BJ8A2868-300x200.jpg 300w, https:\/\/dgschool.lv\/wp-content\/uploads\/2024\/06\/BJ8A2868-1024x683.jpg 1024w, https:\/\/dgschool.lv\/wp-content\/uploads\/2024\/06\/BJ8A2868-768x512.jpg 768w, https:\/\/dgschool.lv\/wp-content\/uploads\/2024\/06\/BJ8A2868-1536x1024.jpg 1536w, https:\/\/dgschool.lv\/wp-content\/uploads\/2024\/06\/BJ8A2868-1000x667.jpg 1000w, https:\/\/dgschool.lv\/wp-content\/uploads\/2024\/06\/BJ8A2868-230x153.jpg 230w, https:\/\/dgschool.lv\/wp-content\/uploads\/2024\/06\/BJ8A2868-350x233.jpg 350w, https:\/\/dgschool.lv\/wp-content\/uploads\/2024\/06\/BJ8A2868-480x320.jpg 480w, https:\/\/dgschool.lv\/wp-content\/uploads\/2024\/06\/BJ8A2868-800x533.jpg 800w\" sizes=\"(max-width: 2048px) 100vw, 2048px\" \/><\/div><\/a><div class=\"ry-elementor-post-meta\" style=\"display: flex;\"><div class=\"ry-elementor-post-date\" style=\"position: absolute; top: 10px; margin: 0 10px;\">20 Jun.<\/div><\/div><\/div><a class=\"ry-elementor-post-title\" href=\"https:\/\/dgschool.lv\/en\/first-impressions-of-dateks-gaming-school\/\">First impressions of Dateks Gaming School<\/a><div class=\"ry-elementor-post-excerpt\">In May this year, I found out about the upcoming Dateks Gaming School...<\/div><\/div><div class=\"ry-elementor-post-item\"><div class=\"ry-elementor-post-inner\" style=\"position: relative;\"><a  href=\"https:\/\/dgschool.lv\/en\/what-is-virtual-reality\/\"><div class=\"ry-elementor-post-thumbnail\" style=\"margin-bottom:10px;\"><img loading=\"lazy\" decoding=\"async\" width=\"1200\" height=\"800\" src=\"https:\/\/dgschool.lv\/wp-content\/uploads\/2024\/05\/6.jpg\" class=\"attachment-full size-full wp-post-image\" alt=\"\" srcset=\"https:\/\/dgschool.lv\/wp-content\/uploads\/2024\/05\/6.jpg 1200w, https:\/\/dgschool.lv\/wp-content\/uploads\/2024\/05\/6-300x200.jpg 300w, https:\/\/dgschool.lv\/wp-content\/uploads\/2024\/05\/6-1024x683.jpg 1024w, https:\/\/dgschool.lv\/wp-content\/uploads\/2024\/05\/6-768x512.jpg 768w, https:\/\/dgschool.lv\/wp-content\/uploads\/2024\/05\/6-1000x667.jpg 1000w, https:\/\/dgschool.lv\/wp-content\/uploads\/2024\/05\/6-230x153.jpg 230w, https:\/\/dgschool.lv\/wp-content\/uploads\/2024\/05\/6-350x233.jpg 350w, https:\/\/dgschool.lv\/wp-content\/uploads\/2024\/05\/6-480x320.jpg 480w, https:\/\/dgschool.lv\/wp-content\/uploads\/2024\/05\/6-800x533.jpg 800w\" sizes=\"(max-width: 1200px) 100vw, 1200px\" \/><\/div><\/a><div class=\"ry-elementor-post-meta\" style=\"display: flex;\"><div class=\"ry-elementor-post-date\" style=\"position: absolute; top: 10px; margin: 0 10px;\">16 May.<\/div><\/div><\/div><a class=\"ry-elementor-post-title\" href=\"https:\/\/dgschool.lv\/en\/what-is-virtual-reality\/\">What is virtual reality?<\/a><div class=\"ry-elementor-post-excerpt\">What is virtual reality (VR) and can it really help children learn? This...<\/div><\/div><div class=\"ry-elementor-post-item\"><div class=\"ry-elementor-post-inner\" style=\"position: relative;\"><a  href=\"https:\/\/dgschool.lv\/en\/using-vr-in-stem-education\/\"><div class=\"ry-elementor-post-thumbnail\" style=\"margin-bottom:10px;\"><img loading=\"lazy\" decoding=\"async\" width=\"1920\" height=\"1280\" src=\"https:\/\/dgschool.lv\/wp-content\/uploads\/2024\/05\/VR-stem1.jpg\" class=\"attachment-full size-full wp-post-image\" alt=\"\" srcset=\"https:\/\/dgschool.lv\/wp-content\/uploads\/2024\/05\/VR-stem1.jpg 1920w, https:\/\/dgschool.lv\/wp-content\/uploads\/2024\/05\/VR-stem1-300x200.jpg 300w, https:\/\/dgschool.lv\/wp-content\/uploads\/2024\/05\/VR-stem1-1024x683.jpg 1024w, https:\/\/dgschool.lv\/wp-content\/uploads\/2024\/05\/VR-stem1-768x512.jpg 768w, https:\/\/dgschool.lv\/wp-content\/uploads\/2024\/05\/VR-stem1-1536x1024.jpg 1536w, https:\/\/dgschool.lv\/wp-content\/uploads\/2024\/05\/VR-stem1-1000x667.jpg 1000w, https:\/\/dgschool.lv\/wp-content\/uploads\/2024\/05\/VR-stem1-230x153.jpg 230w, https:\/\/dgschool.lv\/wp-content\/uploads\/2024\/05\/VR-stem1-350x233.jpg 350w, https:\/\/dgschool.lv\/wp-content\/uploads\/2024\/05\/VR-stem1-480x320.jpg 480w, https:\/\/dgschool.lv\/wp-content\/uploads\/2024\/05\/VR-stem1-800x533.jpg 800w\" sizes=\"(max-width: 1920px) 100vw, 1920px\" \/><\/div><\/a><div class=\"ry-elementor-post-meta\" style=\"display: flex;\"><div class=\"ry-elementor-post-date\" style=\"position: absolute; top: 10px; margin: 0 10px;\">16 May.<\/div><\/div><\/div><a class=\"ry-elementor-post-title\" href=\"https:\/\/dgschool.lv\/en\/using-vr-in-stem-education\/\">Using VR in STEM education<\/a><div class=\"ry-elementor-post-excerpt\">STEM ( Science, Technology, Engineering and Mathematics &#8211; science, technology, engineering and maths)...<\/div><\/div><div class=\"ry-elementor-post-item\"><div class=\"ry-elementor-post-inner\" style=\"position: relative;\"><a  href=\"https:\/\/dgschool.lv\/en\/nvidias-ceo-believes-that-children-should-not-have-to-learn-programming-why\/\"><div class=\"ry-elementor-post-thumbnail\" style=\"margin-bottom:10px;\"><img loading=\"lazy\" decoding=\"async\" width=\"1200\" height=\"675\" src=\"https:\/\/dgschool.lv\/wp-content\/uploads\/2024\/05\/huang.jpg\" class=\"attachment-full size-full wp-post-image\" alt=\"\" srcset=\"https:\/\/dgschool.lv\/wp-content\/uploads\/2024\/05\/huang.jpg 1200w, https:\/\/dgschool.lv\/wp-content\/uploads\/2024\/05\/huang-300x169.jpg 300w, https:\/\/dgschool.lv\/wp-content\/uploads\/2024\/05\/huang-1024x576.jpg 1024w, https:\/\/dgschool.lv\/wp-content\/uploads\/2024\/05\/huang-768x432.jpg 768w, https:\/\/dgschool.lv\/wp-content\/uploads\/2024\/05\/huang-1000x563.jpg 1000w, https:\/\/dgschool.lv\/wp-content\/uploads\/2024\/05\/huang-230x129.jpg 230w, https:\/\/dgschool.lv\/wp-content\/uploads\/2024\/05\/huang-350x197.jpg 350w, https:\/\/dgschool.lv\/wp-content\/uploads\/2024\/05\/huang-480x270.jpg 480w, https:\/\/dgschool.lv\/wp-content\/uploads\/2024\/05\/huang-800x450.jpg 800w\" sizes=\"(max-width: 1200px) 100vw, 1200px\" \/><\/div><\/a><div class=\"ry-elementor-post-meta\" style=\"display: flex;\"><div class=\"ry-elementor-post-date\" style=\"position: absolute; top: 10px; margin: 0 10px;\">14 May.<\/div><\/div><\/div><a class=\"ry-elementor-post-title\" href=\"https:\/\/dgschool.lv\/en\/nvidias-ceo-believes-that-children-should-not-have-to-learn-programming-why\/\">Nvidia&#8217;s CEO believes that children should not have to learn programming. Why?<\/a><div class=\"ry-elementor-post-excerpt\">Nvidia CEO Jensen Huang. Source: Nvidia Nvidia founder Jensen Huang predicts the end...<\/div><\/div><\/div><div class=\"ry-elementor-pagination\"><\/div>\t\t\t\t<\/div>\n\t\t\t\t<\/div>\n\t\t\t\t\t<\/div>\n\t\t<\/div>\n\t\t\t\t\t<\/div>\n\t\t<\/section>\n\t\t\t\t<\/div>\n\t\t","protected":false},"excerpt":{"rendered":"<p>News Home | News 31 Aug.NVIDIA ACE For Games \u2013 jauna tehnolo\u0123ija, kas iedves\u012bs NPC t\u0113liem dz\u012bv\u012bbu ar \u0123enerat\u012bv\u0101 m\u0101ksl\u012bg\u0101 intelekta pal\u012bdz\u012bbuIedom\u0101jieties sp\u0113li, kur\u0101 b\u016btu [&hellip;]<\/p>\n","protected":false},"author":25,"featured_media":0,"parent":0,"menu_order":0,"comment_status":"closed","ping_status":"closed","template":"page-templates\/page_front-page.php","meta":{"footnotes":""},"class_list":["post-2248","page","type-page","status-publish","hentry"],"_links":{"self":[{"href":"https:\/\/dgschool.lv\/en\/wp-json\/wp\/v2\/pages\/2248","targetHints":{"allow":["GET"]}}],"collection":[{"href":"https:\/\/dgschool.lv\/en\/wp-json\/wp\/v2\/pages"}],"about":[{"href":"https:\/\/dgschool.lv\/en\/wp-json\/wp\/v2\/types\/page"}],"author":[{"embeddable":true,"href":"https:\/\/dgschool.lv\/en\/wp-json\/wp\/v2\/users\/25"}],"replies":[{"embeddable":true,"href":"https:\/\/dgschool.lv\/en\/wp-json\/wp\/v2\/comments?post=2248"}],"version-history":[{"count":9,"href":"https:\/\/dgschool.lv\/en\/wp-json\/wp\/v2\/pages\/2248\/revisions"}],"predecessor-version":[{"id":3271,"href":"https:\/\/dgschool.lv\/en\/wp-json\/wp\/v2\/pages\/2248\/revisions\/3271"}],"wp:attachment":[{"href":"https:\/\/dgschool.lv\/en\/wp-json\/wp\/v2\/media?parent=2248"}],"curies":[{"name":"wp","href":"https:\/\/api.w.org\/{rel}","templated":true}]}}